{"id":70903,"date":"2014-03-26T14:44:33","date_gmt":"2014-03-26T14:44:33","guid":{"rendered":"https:\/\/nugerm.com\/por-que-los-centros-eligen-nukase\/"},"modified":"2026-03-28T14:35:49","modified_gmt":"2026-03-28T14:35:49","slug":"por-que-los-centros-eligen-nukase","status":"publish","type":"page","link":"https:\/\/nugerm.com\/es\/por-que-los-centros-eligen-nukase\/","title":{"rendered":"Por qu\u00e9 los centros eligen NuKase"},"content":{"rendered":"<div class=\"wpb-content-wrapper\"><p>[vc_row css_animation=\u00bb\u00bb row_type=\u00bbrow\u00bb use_row_as_full_screen_section=\u00bbno\u00bb type=\u00bbgrid\u00bb angled_section=\u00bbno\u00bb text_align=\u00bbleft\u00bb background_image_as_pattern=\u00bbwithout_pattern\u00bb padding_top=\u00bb87&#8243;][vc_column width=\u00bb1\/3&#8243;][vc_separator type=\u00bbtransparent\u00bb up=\u00bb7&#8243; down=\u00bb0&#8243;][vc_single_image image=\u00bb70904&#8243; img_size=\u00bblarge\u00bb css=\u00bb\u00bb qode_css_animation=\u00bbelement_from_left\u00bb transition_delay=\u00bb0.3&#8243;][vc_separator type=\u00bbtransparent\u00bb up=\u00bb15&#8243; down=\u00bb0&#8243;][\/vc_column][vc_column width=\u00bb2\/3&#8243;][vc_column_text]<\/p>\n<h2 style=\"text-align: left;\">Qui\u00e9nes somos<\/h2>\n<div id=\"gtx-trans\" style=\"position: absolute; left: -55px; top: -3.80357px;\">\n<div class=\"gtx-trans-icon\"><\/div>\n<\/div>\n<p>[\/vc_column_text][vc_separator type=\u00bbsmall\u00bb position=\u00bbleft\u00bb down=\u00bb34&#8243; up=\u00bb7&#8243;][vc_column_text css=\u00bb\u00bb]<\/p>\n<h4>Aportamos m\u00e1s de 12 a\u00f1os de experiencia en la fabricaci\u00f3n de fundas, centrados exclusivamente en centros K-12, tanto p\u00fablicos como privados. Entendemos su realidad: aceptamos \u00f3rdenes de compra, nos adaptamos a los procesos de evaluaci\u00f3n del centro y trabajamos con presupuestos ajustados. Desde 2014, hemos protegido m\u00e1s de 500.000 port\u00e1tiles de estudiantes en m\u00e1s de 1.000 centros y distritos de todo el pa\u00eds.<br \/>\nEn 2023, vimos que los centros ten\u00edan dificultades con las distracciones del m\u00f3vil y con soluciones de bolsas ineficaces. Por eso desarrollamos NuKase: una alternativa duradera que realmente funciona. Con nuevos mandatos estatales que exigen entornos de aprendizaje sin tel\u00e9fonos, estamos aqu\u00ed para ayudarle a tener \u00e9xito sin salirse de su presupuesto.    <\/h4>\n<p>[\/vc_column_text][vc_separator type=\u00bbtransparent\u00bb up=\u00bb20&#8243; down=\u00bb16&#8243;][\/vc_column][\/vc_row][vc_row css_animation=\u00bb\u00bb row_type=\u00bbrow\u00bb use_row_as_full_screen_section=\u00bbno\u00bb type=\u00bbfull_width\u00bb angled_section=\u00bbno\u00bb text_align=\u00bbleft\u00bb background_image_as_pattern=\u00bbwithout_pattern\u00bb][vc_column][vc_separator type=\u00bbtransparent\u00bb up=\u00bb94&#8243; down=\u00bb0&#8243;][\/vc_column][\/vc_row][vc_row css_animation=\u00bb\u00bb row_type=\u00bbrow\u00bb use_row_as_full_screen_section=\u00bbno\u00bb type=\u00bbgrid\u00bb angled_section=\u00bbno\u00bb text_align=\u00bbleft\u00bb background_image_as_pattern=\u00bbwithout_pattern\u00bb padding_top=\u00bb87&#8243; background_color=\u00bb#ffffff\u00bb][vc_column width=\u00bb2\/3&#8243;][vc_column_text css=\u00bb\u00bb]<\/p>\n<h2 style=\"text-align: left;\">Qu\u00e9 hace diferente a NuKase<\/h2>\n<div id=\"gtx-trans\" style=\"position: absolute; left: -3px; top: -3.80357px;\">\n<div class=\"gtx-trans-icon\"><\/div>\n<\/div>\n<p>[\/vc_column_text][vc_separator type=\u00bbsmall\u00bb position=\u00bbleft\u00bb down=\u00bb34&#8243; up=\u00bb7&#8243;][vc_column_text css=\u00bb\u00bb]<\/p>\n<h4>La funda transparente con cierre NuKase le ofrece un control total sobre cu\u00e1ndo los estudiantes acceden a sus tel\u00e9fonos. Fabricada con pl\u00e1stico NuPrepene de grado militar, esta funda resistente a la manipulaci\u00f3n soporta los entornos escolares m\u00e1s exigentes, manteniendo los dispositivos visibles y seguros. <\/h4>\n<p>[\/vc_column_text][vc_separator type=\u00bbtransparent\u00bb up=\u00bb20&#8243; down=\u00bb16&#8243;]<a  itemprop=\"url\" href=\"#\" target=\"_self\"  class=\"qbutton  default\" style=\"\">M\u00e1s informaci\u00f3n<\/a>[vc_separator type=\u00bbtransparent\u00bb up=\u00bb15&#8243; down=\u00bb0&#8243;][\/vc_column][vc_column width=\u00bb1\/3&#8243;][vc_separator type=\u00bbtransparent\u00bb up=\u00bb7&#8243; down=\u00bb0&#8243;][vc_single_image image=\u00bb70905&#8243; img_size=\u00bbfull\u00bb css=\u00bb\u00bb qode_css_animation=\u00bbelement_from_right\u00bb transition_delay=\u00bb0.3&#8243;][\/vc_column][\/vc_row][vc_row css_animation=\u00bb\u00bb row_type=\u00bbrow\u00bb use_row_as_full_screen_section=\u00bbno\u00bb type=\u00bbfull_width\u00bb angled_section=\u00bbno\u00bb text_align=\u00bbleft\u00bb background_image_as_pattern=\u00bbwithout_pattern\u00bb background_color=\u00bb#ffffff\u00bb][vc_column][vc_separator type=\u00bbtransparent\u00bb up=\u00bb94&#8243; down=\u00bb0&#8243;][\/vc_column][\/vc_row][vc_row css_animation=\u00bb\u00bb row_type=\u00bbrow\u00bb use_row_as_full_screen_section=\u00bbno\u00bb type=\u00bbgrid\u00bb angled_section=\u00bbno\u00bb text_align=\u00bbleft\u00bb background_image_as_pattern=\u00bbwithout_pattern\u00bb padding_top=\u00bb87&#8243;][vc_column width=\u00bb1\/3&#8243;][vc_separator type=\u00bbtransparent\u00bb up=\u00bb7&#8243; down=\u00bb0&#8243;][vc_single_image image=\u00bb70906&#8243; img_size=\u00bbfull\u00bb css=\u00bb\u00bb qode_css_animation=\u00bbelement_from_left\u00bb transition_delay=\u00bb0.3&#8243;][vc_separator type=\u00bbtransparent\u00bb up=\u00bb15&#8243; down=\u00bb0&#8243;][\/vc_column][vc_column width=\u00bb2\/3&#8243;][vc_column_text css=\u00bb\u00bb]<\/p>\n<h2 style=\"text-align: left;\">Listos cuando usted lo est\u00e9<\/h2>\n<div id=\"gtx-trans\" style=\"position: absolute; left: -136px; top: 52.3393px;\">\n<div class=\"gtx-trans-icon\"><\/div>\n<\/div>\n<p>[\/vc_column_text][vc_separator type=\u00bbsmall\u00bb position=\u00bbleft\u00bb down=\u00bb34&#8243; up=\u00bb7&#8243;][vc_column_text css=\u00bb\u00bb]<\/p>\n<h4>Las muestras de NuKase ya est\u00e1n disponibles para evaluaci\u00f3n. Dada la alta demanda de los distritos que est\u00e1n implantando nuevas pol\u00edticas sobre tel\u00e9fonos, estamos tramitando los pedidos por orden de llegada para garantizar que su centro quede equipado antes de la avalancha. <\/h4>\n<p>[\/vc_column_text][vc_separator type=\u00bbtransparent\u00bb up=\u00bb20&#8243; down=\u00bb16&#8243;]<a  itemprop=\"url\" href=\"https:\/\/nugerm.com\/sample-request-3\/\" target=\"_self\"  class=\"qbutton  default\" style=\"\">Solicitar una funda de muestra<\/a>[\/vc_column][\/vc_row][vc_row css_animation=\u00bb\u00bb row_type=\u00bbrow\u00bb use_row_as_full_screen_section=\u00bbno\u00bb type=\u00bbfull_width\u00bb angled_section=\u00bbno\u00bb text_align=\u00bbleft\u00bb background_image_as_pattern=\u00bbwithout_pattern\u00bb][vc_column][vc_separator type=\u00bbtransparent\u00bb up=\u00bb94&#8243; down=\u00bb0&#8243;][\/vc_column][\/vc_row][vc_row css_animation=\u00bb\u00bb row_type=\u00bbrow\u00bb use_row_as_full_screen_section=\u00bbno\u00bb type=\u00bbgrid\u00bb angled_section=\u00bbno\u00bb text_align=\u00bbleft\u00bb background_image_as_pattern=\u00bbwithout_pattern\u00bb padding_top=\u00bb87&#8243; background_color=\u00bb#ffffff\u00bb][vc_column width=\u00bb2\/3&#8243;][vc_column_text css=\u00bb\u00bb]<\/p>\n<h2 style=\"text-align: left;\">El problema que todo director conoce<\/h2>\n<div id=\"gtx-trans\" style=\"position: absolute; left: -24px; top: -3.80357px;\">\n<div class=\"gtx-trans-icon\"><\/div>\n<\/div>\n<p>[\/vc_column_text][vc_separator type=\u00bbsmall\u00bb position=\u00bbleft\u00bb down=\u00bb34&#8243; up=\u00bb7&#8243;][vc_column_text css=\u00bb\u00bb]<\/p>\n<h4>Las constantes distracciones del m\u00f3vil est\u00e1n socavando la capacidad de sus docentes para ense\u00f1ar y la de sus estudiantes para aprender. Los distritos de todo el pa\u00eds est\u00e1n actuando con pol\u00edticas estrictas sobre tel\u00e9fonos, pero la aplicaci\u00f3n ha sido la pieza que faltaba. NuKase ofrece a su personal una forma fiable de separar a los estudiantes de sus dispositivos, creando el descanso digital que sus aulas necesitan desesperadamente.  <\/h4>\n<p>[\/vc_column_text][vc_separator type=\u00bbtransparent\u00bb up=\u00bb20&#8243; down=\u00bb16&#8243;][\/vc_column][vc_column width=\u00bb1\/3&#8243;][vc_separator type=\u00bbtransparent\u00bb up=\u00bb7&#8243; down=\u00bb0&#8243;][vc_separator type=\u00bbtransparent\u00bb up=\u00bb15&#8243; down=\u00bb0&#8243;][vc_single_image image=\u00bb70907&#8243; img_size=\u00bbfull\u00bb css=\u00bb\u00bb qode_css_animation=\u00bbelement_from_right\u00bb transition_delay=\u00bb0.3&#8243;][\/vc_column][\/vc_row][vc_row css_animation=\u00bb\u00bb row_type=\u00bbrow\u00bb use_row_as_full_screen_section=\u00bbno\u00bb type=\u00bbfull_width\u00bb angled_section=\u00bbno\u00bb text_align=\u00bbleft\u00bb background_image_as_pattern=\u00bbwithout_pattern\u00bb background_color=\u00bb#ffffff\u00bb][vc_column][vc_separator type=\u00bbtransparent\u00bb up=\u00bb94&#8243; down=\u00bb0&#8243;][\/vc_column][\/vc_row][vc_row css_animation=\u00bb\u00bb row_type=\u00bbrow\u00bb use_row_as_full_screen_section=\u00bbno\u00bb type=\u00bbgrid\u00bb angled_section=\u00bbno\u00bb text_align=\u00bbleft\u00bb background_image_as_pattern=\u00bbwithout_pattern\u00bb padding_top=\u00bb87&#8243;][vc_column width=\u00bb1\/3&#8243;][vc_separator type=\u00bbtransparent\u00bb up=\u00bb7&#8243; down=\u00bb0&#8243;][vc_single_image image=\u00bb70908&#8243; img_size=\u00bbfull\u00bb css=\u00bb\u00bb qode_css_animation=\u00bbelement_from_left\u00bb transition_delay=\u00bb0.3&#8243;][vc_separator type=\u00bbtransparent\u00bb up=\u00bb15&#8243; down=\u00bb0&#8243;][\/vc_column][vc_column width=\u00bb2\/3&#8243;][vc_column_text css=\u00bb\u00bb]<\/p>\n<h2 style=\"text-align: left;\">Una soluci\u00f3n sencilla que realmente funciona<\/h2>\n<div id=\"gtx-trans\" style=\"position: absolute; left: -70px; top: -3.80357px;\">\n<div class=\"gtx-trans-icon\"><\/div>\n<\/div>\n<p>[\/vc_column_text][vc_separator type=\u00bbsmall\u00bb position=\u00bbleft\u00bb down=\u00bb34&#8243; up=\u00bb7&#8243;][vc_column_text css=\u00bb\u00bb]<\/p>\n<h4 class=\"whitespace-normal break-words\"><strong>Bloqueo:<\/strong> Los estudiantes apagan el tel\u00e9fono, lo colocan en NuKase y deslizan el cierre para cerrarlo. El tel\u00e9fono permanece seguro hasta que usted decida que es el momento de desbloquearlo. <\/h4>\n<h4 class=\"whitespace-normal break-words\"><strong>Desbloqueo:<\/strong> A la salida, los estudiantes acercan su funda a una estaci\u00f3n de desbloqueo y la deslizan para abrirla. Sin llaves, sin c\u00f3digos, sin complicaciones. <\/h4>\n<h4 class=\"whitespace-normal break-words\"><strong>Opciones de desbloqueo flexibles:<\/strong> Elija unidades de mano para el personal itinerante o estaciones permanentes en las salidas y en las oficinas principales. Consejo profesional: Monte el im\u00e1n de desbloqueo de forma permanente para evitar que los estudiantes lo manipulen durante el horario escolar. <\/h4>\n<h4 class=\"whitespace-normal break-words\"><strong>En resumen:<\/strong> Un sistema de bloqueo y listo infalible que los estudiantes no pueden burlar, con un desbloqueo sin esfuerzo cuando termina la jornada escolar.<\/h4>\n<p>[\/vc_column_text][vc_separator type=\u00bbtransparent\u00bb up=\u00bb20&#8243; down=\u00bb16&#8243;]<a  itemprop=\"url\" href=\"https:\/\/nugerm.com\/contact-us\/\" target=\"_self\"  class=\"qbutton  default\" style=\"\">Reservar una demo<\/a>[\/vc_column][\/vc_row][vc_row css_animation=\u00bb\u00bb row_type=\u00bbrow\u00bb use_row_as_full_screen_section=\u00bbno\u00bb type=\u00bbfull_width\u00bb angled_section=\u00bbno\u00bb text_align=\u00bbleft\u00bb background_image_as_pattern=\u00bbwithout_pattern\u00bb][vc_column][vc_separator type=\u00bbtransparent\u00bb up=\u00bb94&#8243; down=\u00bb0&#8243;][\/vc_column][\/vc_row]<\/p>\n<\/div>","protected":false},"excerpt":{"rendered":"<p>[vc_row css_animation=\u00bb\u00bb row_type=\u00bbrow\u00bb use_row_as_full_screen_section=\u00bbno\u00bb type=\u00bbgrid\u00bb angled_section=\u00bbno\u00bb text_align=\u00bbleft\u00bb background_image_as_pattern=\u00bbwithout_pattern\u00bb padding_top=\u00bb87&#8243;][vc_column width=\u00bb1\/3&#8243;][vc_separator type=\u00bbtransparent\u00bb up=\u00bb7&#8243; down=\u00bb0&#8243;][vc_single_image image=\u00bb70904&#8243; img_size=\u00bblarge\u00bb css=\u00bb\u00bb qode_css_animation=\u00bbelement_from_left\u00bb transition_delay=\u00bb0.3&#8243;][vc_separator type=\u00bbtransparent\u00bb up=\u00bb15&#8243; down=\u00bb0&#8243;][\/vc_column][vc_column width=\u00bb2\/3&#8243;][vc_column_text] Qui\u00e9nes somos [\/vc_column_text][vc_separator type=\u00bbsmall\u00bb position=\u00bbleft\u00bb down=\u00bb34&#8243; up=\u00bb7&#8243;][vc_column_text css=\u00bb\u00bb] Aportamos m\u00e1s de 12 a\u00f1os de experiencia en la fabricaci\u00f3n de fundas, centrados exclusivamente en&#8230;<\/p>\n","protected":false},"author":1,"featured_media":0,"parent":0,"menu_order":0,"comment_status":"open","ping_status":"open","template":"full_width.php","meta":{"content-type":"","footnotes":""},"class_list":["post-70903","page","type-page","status-publish","hentry"],"yoast_head":"<!-- This site is optimized with the Yoast SEO plugin v27.3 - https:\/\/yoast.com\/product\/yoast-seo-wordpress\/ -->\n<title>Por qu\u00e9 los centros eligen NuKase - NuKase Lockable Phone Case<\/title>\n<meta name=\"robots\" content=\"index, follow, max-snippet:-1, max-image-preview:large, max-video-preview:-1\" \/>\n<link rel=\"canonical\" href=\"https:\/\/nugerm.com\/es\/por-que-los-centros-eligen-nukase\/\" \/>\n<meta property=\"og:locale\" content=\"es_ES\" \/>\n<meta property=\"og:type\" content=\"article\" \/>\n<meta property=\"og:title\" content=\"Por qu\u00e9 los centros eligen NuKase - NuKase Lockable Phone Case\" \/>\n<meta property=\"og:description\" content=\"[vc_row css_animation=\u00bb\u00bb row_type=\u00bbrow\u00bb use_row_as_full_screen_section=\u00bbno\u00bb type=\u00bbgrid\u00bb angled_section=\u00bbno\u00bb text_align=\u00bbleft\u00bb background_image_as_pattern=\u00bbwithout_pattern\u00bb padding_top=\u00bb87&#8243;][vc_column width=\u00bb1\/3&#8243;][vc_separator type=\u00bbtransparent\u00bb up=\u00bb7&#8243; down=\u00bb0&#8243;][vc_single_image image=\u00bb70904&#8243; img_size=\u00bblarge\u00bb css=\u00bb\u00bb qode_css_animation=\u00bbelement_from_left\u00bb transition_delay=\u00bb0.3&#8243;][vc_separator type=\u00bbtransparent\u00bb up=\u00bb15&#8243; down=\u00bb0&#8243;][\/vc_column][vc_column width=\u00bb2\/3&#8243;][vc_column_text] Qui\u00e9nes somos [\/vc_column_text][vc_separator type=\u00bbsmall\u00bb position=\u00bbleft\u00bb down=\u00bb34&#8243; up=\u00bb7&#8243;][vc_column_text css=\u00bb\u00bb] Aportamos m\u00e1s de 12 a\u00f1os de experiencia en la fabricaci\u00f3n de fundas, centrados exclusivamente en...\" \/>\n<meta property=\"og:url\" content=\"https:\/\/nugerm.com\/es\/por-que-los-centros-eligen-nukase\/\" \/>\n<meta property=\"og:site_name\" content=\"NuKase Lockable Phone Case\" \/>\n<meta property=\"article:modified_time\" content=\"2026-03-28T14:35:49+00:00\" \/>\n<meta name=\"twitter:card\" content=\"summary_large_image\" \/>\n<meta name=\"twitter:label1\" content=\"Tiempo de lectura\" \/>\n\t<meta name=\"twitter:data1\" content=\"6 minutos\" \/>\n<script type=\"application\/ld+json\" class=\"yoast-schema-graph\">{\"@context\":\"https:\\\/\\\/schema.org\",\"@graph\":[{\"@type\":\"WebPage\",\"@id\":\"https:\\\/\\\/nugerm.com\\\/es\\\/por-que-los-centros-eligen-nukase\\\/\",\"url\":\"https:\\\/\\\/nugerm.com\\\/es\\\/por-que-los-centros-eligen-nukase\\\/\",\"name\":\"Por qu\u00e9 los centros eligen NuKase - NuKase Lockable Phone Case\",\"isPartOf\":{\"@id\":\"https:\\\/\\\/nugerm.com\\\/#website\"},\"datePublished\":\"2014-03-26T14:44:33+00:00\",\"dateModified\":\"2026-03-28T14:35:49+00:00\",\"breadcrumb\":{\"@id\":\"https:\\\/\\\/nugerm.com\\\/es\\\/por-que-los-centros-eligen-nukase\\\/#breadcrumb\"},\"inLanguage\":\"es\",\"potentialAction\":[{\"@type\":\"ReadAction\",\"target\":[\"https:\\\/\\\/nugerm.com\\\/es\\\/por-que-los-centros-eligen-nukase\\\/\"]}]},{\"@type\":\"BreadcrumbList\",\"@id\":\"https:\\\/\\\/nugerm.com\\\/es\\\/por-que-los-centros-eligen-nukase\\\/#breadcrumb\",\"itemListElement\":[{\"@type\":\"ListItem\",\"position\":1,\"name\":\"Home\",\"item\":\"https:\\\/\\\/nugerm.com\\\/es\\\/inicio\\\/\"},{\"@type\":\"ListItem\",\"position\":2,\"name\":\"Por qu\u00e9 los centros eligen NuKase\"}]},{\"@type\":\"WebSite\",\"@id\":\"https:\\\/\\\/nugerm.com\\\/#website\",\"url\":\"https:\\\/\\\/nugerm.com\\\/\",\"name\":\"NuKase Lockable Phone Case\",\"description\":\"NuKase \u2013 Lock Distractions, Unlock Potential. The Simple Solution for a Phone-Free Classroom.\",\"publisher\":{\"@id\":\"https:\\\/\\\/nugerm.com\\\/#organization\"},\"potentialAction\":[{\"@type\":\"SearchAction\",\"target\":{\"@type\":\"EntryPoint\",\"urlTemplate\":\"https:\\\/\\\/nugerm.com\\\/?s={search_term_string}\"},\"query-input\":{\"@type\":\"PropertyValueSpecification\",\"valueRequired\":true,\"valueName\":\"search_term_string\"}}],\"inLanguage\":\"es\"},{\"@type\":\"Organization\",\"@id\":\"https:\\\/\\\/nugerm.com\\\/#organization\",\"name\":\"NuKase Lockable Phone Case\",\"url\":\"https:\\\/\\\/nugerm.com\\\/\",\"logo\":{\"@type\":\"ImageObject\",\"inLanguage\":\"es\",\"@id\":\"https:\\\/\\\/nugerm.com\\\/#\\\/schema\\\/logo\\\/image\\\/\",\"url\":\"https:\\\/\\\/nugerm.com\\\/wp-content\\\/uploads\\\/2025\\\/11\\\/NuKase-by-NuGerm-2-good-small-logo-1.png\",\"contentUrl\":\"https:\\\/\\\/nugerm.com\\\/wp-content\\\/uploads\\\/2025\\\/11\\\/NuKase-by-NuGerm-2-good-small-logo-1.png\",\"width\":800,\"height\":313,\"caption\":\"NuKase Lockable Phone Case\"},\"image\":{\"@id\":\"https:\\\/\\\/nugerm.com\\\/#\\\/schema\\\/logo\\\/image\\\/\"}}]}<\/script>\n<!-- \/ Yoast SEO plugin. -->","yoast_head_json":{"title":"Por qu\u00e9 los centros eligen NuKase - NuKase Lockable Phone Case","robots":{"index":"index","follow":"follow","max-snippet":"max-snippet:-1","max-image-preview":"max-image-preview:large","max-video-preview":"max-video-preview:-1"},"canonical":"https:\/\/nugerm.com\/es\/por-que-los-centros-eligen-nukase\/","og_locale":"es_ES","og_type":"article","og_title":"Por qu\u00e9 los centros eligen NuKase - NuKase Lockable Phone Case","og_description":"[vc_row css_animation=\u00bb\u00bb row_type=\u00bbrow\u00bb use_row_as_full_screen_section=\u00bbno\u00bb type=\u00bbgrid\u00bb angled_section=\u00bbno\u00bb text_align=\u00bbleft\u00bb background_image_as_pattern=\u00bbwithout_pattern\u00bb padding_top=\u00bb87&#8243;][vc_column width=\u00bb1\/3&#8243;][vc_separator type=\u00bbtransparent\u00bb up=\u00bb7&#8243; down=\u00bb0&#8243;][vc_single_image image=\u00bb70904&#8243; img_size=\u00bblarge\u00bb css=\u00bb\u00bb qode_css_animation=\u00bbelement_from_left\u00bb transition_delay=\u00bb0.3&#8243;][vc_separator type=\u00bbtransparent\u00bb up=\u00bb15&#8243; down=\u00bb0&#8243;][\/vc_column][vc_column width=\u00bb2\/3&#8243;][vc_column_text] Qui\u00e9nes somos [\/vc_column_text][vc_separator type=\u00bbsmall\u00bb position=\u00bbleft\u00bb down=\u00bb34&#8243; up=\u00bb7&#8243;][vc_column_text css=\u00bb\u00bb] Aportamos m\u00e1s de 12 a\u00f1os de experiencia en la fabricaci\u00f3n de fundas, centrados exclusivamente en...","og_url":"https:\/\/nugerm.com\/es\/por-que-los-centros-eligen-nukase\/","og_site_name":"NuKase Lockable Phone Case","article_modified_time":"2026-03-28T14:35:49+00:00","twitter_card":"summary_large_image","twitter_misc":{"Tiempo de lectura":"6 minutos"},"schema":{"@context":"https:\/\/schema.org","@graph":[{"@type":"WebPage","@id":"https:\/\/nugerm.com\/es\/por-que-los-centros-eligen-nukase\/","url":"https:\/\/nugerm.com\/es\/por-que-los-centros-eligen-nukase\/","name":"Por qu\u00e9 los centros eligen NuKase - NuKase Lockable Phone Case","isPartOf":{"@id":"https:\/\/nugerm.com\/#website"},"datePublished":"2014-03-26T14:44:33+00:00","dateModified":"2026-03-28T14:35:49+00:00","breadcrumb":{"@id":"https:\/\/nugerm.com\/es\/por-que-los-centros-eligen-nukase\/#breadcrumb"},"inLanguage":"es","potentialAction":[{"@type":"ReadAction","target":["https:\/\/nugerm.com\/es\/por-que-los-centros-eligen-nukase\/"]}]},{"@type":"BreadcrumbList","@id":"https:\/\/nugerm.com\/es\/por-que-los-centros-eligen-nukase\/#breadcrumb","itemListElement":[{"@type":"ListItem","position":1,"name":"Home","item":"https:\/\/nugerm.com\/es\/inicio\/"},{"@type":"ListItem","position":2,"name":"Por qu\u00e9 los centros eligen NuKase"}]},{"@type":"WebSite","@id":"https:\/\/nugerm.com\/#website","url":"https:\/\/nugerm.com\/","name":"NuKase Lockable Phone Case","description":"NuKase \u2013 Lock Distractions, Unlock Potential. The Simple Solution for a Phone-Free Classroom.","publisher":{"@id":"https:\/\/nugerm.com\/#organization"},"potentialAction":[{"@type":"SearchAction","target":{"@type":"EntryPoint","urlTemplate":"https:\/\/nugerm.com\/?s={search_term_string}"},"query-input":{"@type":"PropertyValueSpecification","valueRequired":true,"valueName":"search_term_string"}}],"inLanguage":"es"},{"@type":"Organization","@id":"https:\/\/nugerm.com\/#organization","name":"NuKase Lockable Phone Case","url":"https:\/\/nugerm.com\/","logo":{"@type":"ImageObject","inLanguage":"es","@id":"https:\/\/nugerm.com\/#\/schema\/logo\/image\/","url":"https:\/\/nugerm.com\/wp-content\/uploads\/2025\/11\/NuKase-by-NuGerm-2-good-small-logo-1.png","contentUrl":"https:\/\/nugerm.com\/wp-content\/uploads\/2025\/11\/NuKase-by-NuGerm-2-good-small-logo-1.png","width":800,"height":313,"caption":"NuKase Lockable Phone Case"},"image":{"@id":"https:\/\/nugerm.com\/#\/schema\/logo\/image\/"}}]}},"_links":{"self":[{"href":"https:\/\/nugerm.com\/es\/wp-json\/wp\/v2\/pages\/70903","targetHints":{"allow":["GET"]}}],"collection":[{"href":"https:\/\/nugerm.com\/es\/wp-json\/wp\/v2\/pages"}],"about":[{"href":"https:\/\/nugerm.com\/es\/wp-json\/wp\/v2\/types\/page"}],"author":[{"embeddable":true,"href":"https:\/\/nugerm.com\/es\/wp-json\/wp\/v2\/users\/1"}],"replies":[{"embeddable":true,"href":"https:\/\/nugerm.com\/es\/wp-json\/wp\/v2\/comments?post=70903"}],"version-history":[{"count":3,"href":"https:\/\/nugerm.com\/es\/wp-json\/wp\/v2\/pages\/70903\/revisions"}],"predecessor-version":[{"id":70912,"href":"https:\/\/nugerm.com\/es\/wp-json\/wp\/v2\/pages\/70903\/revisions\/70912"}],"wp:attachment":[{"href":"https:\/\/nugerm.com\/es\/wp-json\/wp\/v2\/media?parent=70903"}],"curies":[{"name":"wp","href":"https:\/\/api.w.org\/{rel}","templated":true}]}}