{"id":70943,"date":"2020-06-13T15:54:57","date_gmt":"2020-06-13T15:54:57","guid":{"rendered":"https:\/\/nugerm.com\/politica-de-privacidad\/"},"modified":"2026-03-28T14:36:23","modified_gmt":"2026-03-28T14:36:23","slug":"politica-de-privacidad","status":"publish","type":"page","link":"https:\/\/nugerm.com\/es\/politica-de-privacidad\/","title":{"rendered":"Pol\u00edtica de privacidad"},"content":{"rendered":"<h2 class=\"wp-block-heading\">Qui\u00e9nes somos<\/h2><p>La direcci\u00f3n de nuestro sitio web es: https:\/\/nugerm.com.<\/p><h2 class=\"wp-block-heading\">Qu\u00e9 datos personales recopilamos y por qu\u00e9 los recopilamos<\/h2><h3 class=\"wp-block-heading\">Comentarios<\/h3><p>Cuando los visitantes dejan comentarios en la web, recopilamos los datos que se muestran en el formulario de comentarios, as\u00ed como la direcci\u00f3n IP del visitante y la cadena de agentes de usuario del navegador para ayudar a la detecci\u00f3n de spam.<\/p><p>Una cadena an\u00f3nima creada a partir de su direcci\u00f3n de correo electr\u00f3nico (tambi\u00e9n llamada hash) puede ser proporcionada al servicio de Gravatar para ver si lo est\u00e1 usando. La pol\u00edtica de privacidad del servicio Gravatar est\u00e1 disponible aqu\u00ed: https:\/\/automattic.com\/privacy\/. Tras la aprobaci\u00f3n de su comentario, la imagen de su perfil es visible para el p\u00fablico en el contexto de su comentario. <\/p><h3 class=\"wp-block-heading\">Medios<\/h3><p>Si sube im\u00e1genes a la web, deber\u00eda evitar subir im\u00e1genes con datos de ubicaci\u00f3n (GPS EXIF) incluidos. Los visitantes de la web pueden descargar y extraer cualquier dato de ubicaci\u00f3n de las im\u00e1genes de la web. <\/p><h3 class=\"wp-block-heading\">Formularios de contacto<\/h3><h3 class=\"wp-block-heading\">Cookies<\/h3><p>Si deja un comentario en nuestro sitio, puede optar por guardar su nombre, direcci\u00f3n de correo electr\u00f3nico y web en cookies. Esto es para su comodidad, para que no tenga que volver a rellenar sus datos cuando deje otro comentario. Estas cookies tendr\u00e1n una duraci\u00f3n de un a\u00f1o.  <\/p><p>Si visita nuestra p\u00e1gina de inicio de sesi\u00f3n, instalaremos una cookie temporal para determinar si su navegador acepta cookies. Esta cookie no contiene datos personales y se elimina al cerrar el navegador. <\/p><p>Cuando inicie sesi\u00f3n, tambi\u00e9n instalaremos varias cookies para guardar su informaci\u00f3n de inicio de sesi\u00f3n y sus opciones de visualizaci\u00f3n de pantalla. Las cookies de inicio de sesi\u00f3n duran dos d\u00edas y las cookies de opciones de pantalla duran un a\u00f1o. Si selecciona \u201cRecordarme\u201d, su inicio de sesi\u00f3n perdurar\u00e1 durante dos semanas. Si cierra sesi\u00f3n en su cuenta, las cookies de inicio de sesi\u00f3n se eliminar\u00e1n.   <\/p><p>Si edita o publica un art\u00edculo, se guardar\u00e1 una cookie adicional en su navegador. Esta cookie no incluye datos personales y simplemente indica el ID del art\u00edculo que acaba de editar. Expira despu\u00e9s de 1 d\u00eda.  <\/p><h3 class=\"wp-block-heading\">Contenido incrustado de otros sitios web<\/h3><p>Los art\u00edculos de este sitio pueden incluir contenido incrustado (p. ej. v\u00eddeos, im\u00e1genes, art\u00edculos, etc.). El contenido incrustado de otras webs se comporta exactamente de la misma manera que si el visitante hubiera visitado la otra web. <\/p><p>Estas webs pueden recopilar datos sobre usted, utilizar cookies, incrustar un seguimiento adicional de terceros y supervisar su interacci\u00f3n con ese contenido incrustado, incluido el seguimiento de su interacci\u00f3n con el contenido incrustado si tiene una cuenta y est\u00e1 conectado a esa web.<\/p><h3 class=\"wp-block-heading\">Anal\u00edtica<\/h3><h2 class=\"wp-block-heading\">Con qui\u00e9n compartimos sus datos<\/h2><h2 class=\"wp-block-heading\">Cu\u00e1nto tiempo conservamos sus datos<\/h2><p>Si deja un comentario, el comentario y sus metadatos se conservan indefinidamente. Esto es para que podamos reconocer y aprobar comentarios sucesivos autom\u00e1ticamente, en lugar de mantenerlos en una cola de moderaci\u00f3n. <\/p><p>De los usuarios que se registran en nuestra web (si los hay), tambi\u00e9n almacenamos la informaci\u00f3n personal que proporcionan en su perfil de usuario. Todos los usuarios pueden ver, editar o eliminar su informaci\u00f3n personal en cualquier momento (excepto que no pueden cambiar su nombre de usuario). Los administradores de la web tambi\u00e9n pueden ver y editar esa informaci\u00f3n.  <\/p><h2 class=\"wp-block-heading\">Qu\u00e9 derechos tiene sobre sus datos<\/h2><p>Si tiene una cuenta en este sitio o ha dejado comentarios, puede solicitar recibir un archivo de exportaci\u00f3n de los datos personales que tenemos sobre usted, incluyendo cualquier dato que nos haya proporcionado. Tambi\u00e9n puede solicitar que eliminemos cualquier dato personal que tengamos sobre usted. Esto no incluye ning\u00fan dato que estemos obligados a conservar con fines administrativos, legales o de seguridad.  <\/p><h2 class=\"wp-block-heading\">A d\u00f3nde enviamos sus datos<\/h2><p>Los comentarios de los visitantes puede que los revise un servicio de detecci\u00f3n autom\u00e1tica de spam.<\/p><h2 class=\"wp-block-heading\">Su informaci\u00f3n de contacto<\/h2><h2 class=\"wp-block-heading\">Informaci\u00f3n adicional<\/h2><h3 class=\"wp-block-heading\">C\u00f3mo protegemos sus datos<\/h3><h3 class=\"wp-block-heading\">Qu\u00e9 procedimientos utilizamos contra la violaci\u00f3n de datos<\/h3><h3 class=\"wp-block-heading\">De qu\u00e9 terceros recibimos datos<\/h3><h3 class=\"wp-block-heading\">Qu\u00e9 tipo de toma de decisiones automatizada y\/o perfilado hacemos con los datos de usuario<\/h3><h3 class=\"wp-block-heading\">Requerimientos regulatorios de revelaci\u00f3n de informaci\u00f3n del sector<\/h3>","protected":false},"excerpt":{"rendered":"<p>Qui\u00e9nes somos La direcci\u00f3n de nuestro sitio web es: https:\/\/nugerm.com. Qu\u00e9 datos personales recopilamos y por qu\u00e9 los recopilamos Comentarios Cuando los visitantes dejan comentarios en la web, recopilamos los datos que se muestran en el formulario de comentarios, as\u00ed como la direcci\u00f3n IP del&#8230;<\/p>\n","protected":false},"author":1,"featured_media":0,"parent":0,"menu_order":0,"comment_status":"closed","ping_status":"open","template":"","meta":{"content-type":"","footnotes":""},"class_list":["post-70943","page","type-page","status-publish","hentry"],"yoast_head":"<!-- This site is optimized with the Yoast SEO plugin v27.3 - https:\/\/yoast.com\/product\/yoast-seo-wordpress\/ -->\n<title>Pol\u00edtica de privacidad - NuKase Lockable Phone Case<\/title>\n<meta name=\"robots\" content=\"index, follow, max-snippet:-1, max-image-preview:large, max-video-preview:-1\" \/>\n<link rel=\"canonical\" href=\"https:\/\/nugerm.com\/es\/politica-de-privacidad\/\" \/>\n<meta property=\"og:locale\" content=\"es_ES\" \/>\n<meta property=\"og:type\" content=\"article\" \/>\n<meta property=\"og:title\" content=\"Pol\u00edtica de privacidad - NuKase Lockable Phone Case\" \/>\n<meta property=\"og:description\" content=\"Qui\u00e9nes somos La direcci\u00f3n de nuestro sitio web es: https:\/\/nugerm.com. Qu\u00e9 datos personales recopilamos y por qu\u00e9 los recopilamos Comentarios Cuando los visitantes dejan comentarios en la web, recopilamos los datos que se muestran en el formulario de comentarios, as\u00ed como la direcci\u00f3n IP del...\" \/>\n<meta property=\"og:url\" content=\"https:\/\/nugerm.com\/es\/politica-de-privacidad\/\" \/>\n<meta property=\"og:site_name\" content=\"NuKase Lockable Phone Case\" \/>\n<meta property=\"article:modified_time\" content=\"2026-03-28T14:36:23+00:00\" \/>\n<meta name=\"twitter:card\" content=\"summary_large_image\" \/>\n<meta name=\"twitter:label1\" content=\"Tiempo de lectura\" \/>\n\t<meta name=\"twitter:data1\" content=\"4 minutos\" \/>\n<script type=\"application\/ld+json\" class=\"yoast-schema-graph\">{\"@context\":\"https:\\\/\\\/schema.org\",\"@graph\":[{\"@type\":\"WebPage\",\"@id\":\"https:\\\/\\\/nugerm.com\\\/es\\\/politica-de-privacidad\\\/\",\"url\":\"https:\\\/\\\/nugerm.com\\\/es\\\/politica-de-privacidad\\\/\",\"name\":\"Pol\u00edtica de privacidad - NuKase Lockable Phone Case\",\"isPartOf\":{\"@id\":\"https:\\\/\\\/nugerm.com\\\/#website\"},\"datePublished\":\"2020-06-13T15:54:57+00:00\",\"dateModified\":\"2026-03-28T14:36:23+00:00\",\"breadcrumb\":{\"@id\":\"https:\\\/\\\/nugerm.com\\\/es\\\/politica-de-privacidad\\\/#breadcrumb\"},\"inLanguage\":\"es\",\"potentialAction\":[{\"@type\":\"ReadAction\",\"target\":[\"https:\\\/\\\/nugerm.com\\\/es\\\/politica-de-privacidad\\\/\"]}]},{\"@type\":\"BreadcrumbList\",\"@id\":\"https:\\\/\\\/nugerm.com\\\/es\\\/politica-de-privacidad\\\/#breadcrumb\",\"itemListElement\":[{\"@type\":\"ListItem\",\"position\":1,\"name\":\"Home\",\"item\":\"https:\\\/\\\/nugerm.com\\\/es\\\/inicio\\\/\"},{\"@type\":\"ListItem\",\"position\":2,\"name\":\"Pol\u00edtica de privacidad\"}]},{\"@type\":\"WebSite\",\"@id\":\"https:\\\/\\\/nugerm.com\\\/#website\",\"url\":\"https:\\\/\\\/nugerm.com\\\/\",\"name\":\"NuKase Lockable Phone Case\",\"description\":\"NuKase \u2013 Lock Distractions, Unlock Potential. The Simple Solution for a Phone-Free Classroom.\",\"publisher\":{\"@id\":\"https:\\\/\\\/nugerm.com\\\/#organization\"},\"potentialAction\":[{\"@type\":\"SearchAction\",\"target\":{\"@type\":\"EntryPoint\",\"urlTemplate\":\"https:\\\/\\\/nugerm.com\\\/?s={search_term_string}\"},\"query-input\":{\"@type\":\"PropertyValueSpecification\",\"valueRequired\":true,\"valueName\":\"search_term_string\"}}],\"inLanguage\":\"es\"},{\"@type\":\"Organization\",\"@id\":\"https:\\\/\\\/nugerm.com\\\/#organization\",\"name\":\"NuKase Lockable Phone Case\",\"url\":\"https:\\\/\\\/nugerm.com\\\/\",\"logo\":{\"@type\":\"ImageObject\",\"inLanguage\":\"es\",\"@id\":\"https:\\\/\\\/nugerm.com\\\/#\\\/schema\\\/logo\\\/image\\\/\",\"url\":\"https:\\\/\\\/nugerm.com\\\/wp-content\\\/uploads\\\/2025\\\/11\\\/NuKase-by-NuGerm-2-good-small-logo-1.png\",\"contentUrl\":\"https:\\\/\\\/nugerm.com\\\/wp-content\\\/uploads\\\/2025\\\/11\\\/NuKase-by-NuGerm-2-good-small-logo-1.png\",\"width\":800,\"height\":313,\"caption\":\"NuKase Lockable Phone Case\"},\"image\":{\"@id\":\"https:\\\/\\\/nugerm.com\\\/#\\\/schema\\\/logo\\\/image\\\/\"}}]}<\/script>\n<!-- \/ Yoast SEO plugin. -->","yoast_head_json":{"title":"Pol\u00edtica de privacidad - NuKase Lockable Phone Case","robots":{"index":"index","follow":"follow","max-snippet":"max-snippet:-1","max-image-preview":"max-image-preview:large","max-video-preview":"max-video-preview:-1"},"canonical":"https:\/\/nugerm.com\/es\/politica-de-privacidad\/","og_locale":"es_ES","og_type":"article","og_title":"Pol\u00edtica de privacidad - NuKase Lockable Phone Case","og_description":"Qui\u00e9nes somos La direcci\u00f3n de nuestro sitio web es: https:\/\/nugerm.com. Qu\u00e9 datos personales recopilamos y por qu\u00e9 los recopilamos Comentarios Cuando los visitantes dejan comentarios en la web, recopilamos los datos que se muestran en el formulario de comentarios, as\u00ed como la direcci\u00f3n IP del...","og_url":"https:\/\/nugerm.com\/es\/politica-de-privacidad\/","og_site_name":"NuKase Lockable Phone Case","article_modified_time":"2026-03-28T14:36:23+00:00","twitter_card":"summary_large_image","twitter_misc":{"Tiempo de lectura":"4 minutos"},"schema":{"@context":"https:\/\/schema.org","@graph":[{"@type":"WebPage","@id":"https:\/\/nugerm.com\/es\/politica-de-privacidad\/","url":"https:\/\/nugerm.com\/es\/politica-de-privacidad\/","name":"Pol\u00edtica de privacidad - NuKase Lockable Phone Case","isPartOf":{"@id":"https:\/\/nugerm.com\/#website"},"datePublished":"2020-06-13T15:54:57+00:00","dateModified":"2026-03-28T14:36:23+00:00","breadcrumb":{"@id":"https:\/\/nugerm.com\/es\/politica-de-privacidad\/#breadcrumb"},"inLanguage":"es","potentialAction":[{"@type":"ReadAction","target":["https:\/\/nugerm.com\/es\/politica-de-privacidad\/"]}]},{"@type":"BreadcrumbList","@id":"https:\/\/nugerm.com\/es\/politica-de-privacidad\/#breadcrumb","itemListElement":[{"@type":"ListItem","position":1,"name":"Home","item":"https:\/\/nugerm.com\/es\/inicio\/"},{"@type":"ListItem","position":2,"name":"Pol\u00edtica de privacidad"}]},{"@type":"WebSite","@id":"https:\/\/nugerm.com\/#website","url":"https:\/\/nugerm.com\/","name":"NuKase Lockable Phone Case","description":"NuKase \u2013 Lock Distractions, Unlock Potential. The Simple Solution for a Phone-Free Classroom.","publisher":{"@id":"https:\/\/nugerm.com\/#organization"},"potentialAction":[{"@type":"SearchAction","target":{"@type":"EntryPoint","urlTemplate":"https:\/\/nugerm.com\/?s={search_term_string}"},"query-input":{"@type":"PropertyValueSpecification","valueRequired":true,"valueName":"search_term_string"}}],"inLanguage":"es"},{"@type":"Organization","@id":"https:\/\/nugerm.com\/#organization","name":"NuKase Lockable Phone Case","url":"https:\/\/nugerm.com\/","logo":{"@type":"ImageObject","inLanguage":"es","@id":"https:\/\/nugerm.com\/#\/schema\/logo\/image\/","url":"https:\/\/nugerm.com\/wp-content\/uploads\/2025\/11\/NuKase-by-NuGerm-2-good-small-logo-1.png","contentUrl":"https:\/\/nugerm.com\/wp-content\/uploads\/2025\/11\/NuKase-by-NuGerm-2-good-small-logo-1.png","width":800,"height":313,"caption":"NuKase Lockable Phone Case"},"image":{"@id":"https:\/\/nugerm.com\/#\/schema\/logo\/image\/"}}]}},"_links":{"self":[{"href":"https:\/\/nugerm.com\/es\/wp-json\/wp\/v2\/pages\/70943","targetHints":{"allow":["GET"]}}],"collection":[{"href":"https:\/\/nugerm.com\/es\/wp-json\/wp\/v2\/pages"}],"about":[{"href":"https:\/\/nugerm.com\/es\/wp-json\/wp\/v2\/types\/page"}],"author":[{"embeddable":true,"href":"https:\/\/nugerm.com\/es\/wp-json\/wp\/v2\/users\/1"}],"replies":[{"embeddable":true,"href":"https:\/\/nugerm.com\/es\/wp-json\/wp\/v2\/comments?post=70943"}],"version-history":[{"count":1,"href":"https:\/\/nugerm.com\/es\/wp-json\/wp\/v2\/pages\/70943\/revisions"}],"predecessor-version":[{"id":70945,"href":"https:\/\/nugerm.com\/es\/wp-json\/wp\/v2\/pages\/70943\/revisions\/70945"}],"wp:attachment":[{"href":"https:\/\/nugerm.com\/es\/wp-json\/wp\/v2\/media?parent=70943"}],"curies":[{"name":"wp","href":"https:\/\/api.w.org\/{rel}","templated":true}]}}