{"id":70970,"date":"2023-11-04T18:06:16","date_gmt":"2023-11-04T18:06:16","guid":{"rendered":"https:\/\/nugerm.com\/funda-de-exencion-medica-nukey\/"},"modified":"2026-03-28T14:37:23","modified_gmt":"2026-03-28T14:37:23","slug":"funda-de-exencion-medica-nukey","status":"publish","type":"page","link":"https:\/\/nugerm.com\/es\/funda-de-exencion-medica-nukey\/","title":{"rendered":"Funda de exenci\u00f3n m\u00e9dica NuKey\u2122"},"content":{"rendered":"<div class=\"wpb-content-wrapper\"><p>[vc_row css_animation=\u00bb\u00bb row_type=\u00bbrow\u00bb use_row_as_full_screen_section=\u00bbno\u00bb type=\u00bbgrid\u00bb angled_section=\u00bbno\u00bb text_align=\u00bbleft\u00bb background_image_as_pattern=\u00bbwithout_pattern\u00bb padding_top=\u00bb87&#8243;][vc_column width=\u00bb1\/3&#8243;][vc_separator type=\u00bbtransparent\u00bb up=\u00bb7&#8243; down=\u00bb0&#8243;][vc_single_image image=\u00bb70971&#8243; img_size=\u00bbfull\u00bb qode_css_animation=\u00bbelement_from_left\u00bb transition_delay=\u00bb0.3&#8243;][vc_separator type=\u00bbtransparent\u00bb up=\u00bb15&#8243; down=\u00bb0&#8243;][\/vc_column][vc_column width=\u00bb2\/3&#8243;][vc_column_text]<\/p>\n<h2 style=\"text-align: left;\">NuKey\u2122: acceso a medida para un aprendizaje a medida<\/h2>\n<p>[\/vc_column_text][vc_separator type=\u00bbsmall\u00bb position=\u00bbleft\u00bb down=\u00bb34&#8243; up=\u00bb7&#8243;][vc_column_text]Dise\u00f1ada espec\u00edficamente para alumnado con necesidades educativas especiales, NuKey\u2122 ofrece una soluci\u00f3n de almacenamiento de tel\u00e9fonos m\u00f3viles segura y con acceso parcial que combina a la perfecci\u00f3n una seguridad robusta con un dise\u00f1o f\u00e1cil de usar. Cada funda NuKey incorpora un mecanismo de cierre \u00fanico que solo puede abrirse con la llave correspondiente, que se entrega al docente o al miembro del personal designado.<\/p>\n<p>[\/vc_column_text][vc_separator type=\u00bbtransparent\u00bb up=\u00bb20&#8243; down=\u00bb16&#8243;]<a  itemprop=\"url\" href=\"#contact\" target=\"_self\"  class=\"qbutton  default\" style=\"\">SOLICITUD DE MUESTRA<\/a>[\/vc_column][\/vc_row][vc_row css_animation=\u00bb\u00bb row_type=\u00bbrow\u00bb use_row_as_full_screen_section=\u00bbno\u00bb type=\u00bbfull_width\u00bb angled_section=\u00bbno\u00bb text_align=\u00bbleft\u00bb background_image_as_pattern=\u00bbwithout_pattern\u00bb][vc_column][vc_separator type=\u00bbtransparent\u00bb up=\u00bb94&#8243; down=\u00bb0&#8243;][\/vc_column][\/vc_row][vc_row css_animation=\u00bb\u00bb row_type=\u00bbrow\u00bb use_row_as_full_screen_section=\u00bbno\u00bb type=\u00bbgrid\u00bb angled_section=\u00bbno\u00bb text_align=\u00bbleft\u00bb background_image_as_pattern=\u00bbwithout_pattern\u00bb padding_top=\u00bb87&#8243; background_color=\u00bb#ffffff\u00bb][vc_column width=\u00bb2\/3&#8243;][vc_column_text]<\/p>\n<h2 style=\"text-align: left;\"><strong>Acceso controlado<\/strong><\/h2>\n<p>[\/vc_column_text][vc_separator type=\u00bbsmall\u00bb position=\u00bbleft\u00bb down=\u00bb34&#8243; up=\u00bb7&#8243;][vc_column_text]Con un frontal transparente, NuKey\u2122 ofrece al alumnado un acceso controlado a sus dispositivos. Este dise\u00f1o, cuidadosamente pensado, logra un equilibrio al permitir un uso supervisado cuando sea necesario sin comprometer el entorno de aprendizaje. El enfoque innovador de NuKey garantiza que el alumnado pueda interactuar con sus dispositivos en condiciones controladas, fomentando una combinaci\u00f3n de tecnolog\u00eda y aprendizaje centrado.[\/vc_column_text][vc_separator type=\u00bbtransparent\u00bb up=\u00bb20&#8243; down=\u00bb16&#8243;][vc_separator type=\u00bbtransparent\u00bb up=\u00bb15&#8243; down=\u00bb0&#8243;][\/vc_column][vc_column width=\u00bb1\/3&#8243;][vc_separator type=\u00bbtransparent\u00bb up=\u00bb7&#8243; down=\u00bb0&#8243;][vc_single_image image=\u00bb70972&#8243; img_size=\u00bbfull\u00bb qode_css_animation=\u00bbelement_from_right\u00bb transition_delay=\u00bb0.3&#8243;][\/vc_column][\/vc_row][vc_row css_animation=\u00bb\u00bb row_type=\u00bbrow\u00bb use_row_as_full_screen_section=\u00bbno\u00bb type=\u00bbfull_width\u00bb angled_section=\u00bbno\u00bb text_align=\u00bbleft\u00bb background_image_as_pattern=\u00bbwithout_pattern\u00bb background_color=\u00bb#ffffff\u00bb][vc_column][vc_separator type=\u00bbtransparent\u00bb up=\u00bb94&#8243; down=\u00bb0&#8243;][\/vc_column][\/vc_row][vc_row css_animation=\u00bb\u00bb row_type=\u00bbrow\u00bb use_row_as_full_screen_section=\u00bbno\u00bb type=\u00bbgrid\u00bb angled_section=\u00bbno\u00bb text_align=\u00bbleft\u00bb background_image_as_pattern=\u00bbwithout_pattern\u00bb padding_top=\u00bb87&#8243;][vc_column width=\u00bb1\/3&#8243;][vc_separator type=\u00bbtransparent\u00bb up=\u00bb7&#8243; down=\u00bb0&#8243;][vc_single_image image=\u00bb70919&#8243; img_size=\u00bbfull\u00bb qode_css_animation=\u00bbelement_from_left\u00bb transition_delay=\u00bb0.3&#8243;][vc_separator type=\u00bbtransparent\u00bb up=\u00bb15&#8243; down=\u00bb0&#8243;][\/vc_column][vc_column width=\u00bb2\/3&#8243;][vc_column_text]<\/p>\n<h2 style=\"text-align: left;\"><strong>Fomenta la inclusi\u00f3n<\/strong><\/h2>\n<p>[\/vc_column_text][vc_separator type=\u00bbsmall\u00bb position=\u00bbleft\u00bb down=\u00bb34&#8243; up=\u00bb7&#8243;][vc_column_text]Al reconocer las distintas necesidades del alumnado, NuKey\u2122 garantiza que todos los ni\u00f1os y ni\u00f1as tengan las mismas oportunidades de disfrutar de una experiencia de aprendizaje centrada.[\/vc_column_text][vc_separator type=\u00bbtransparent\u00bb up=\u00bb20&#8243; down=\u00bb16&#8243;]<a  itemprop=\"url\" href=\"#contact\" target=\"_self\"  class=\"qbutton  default\" style=\"\">SOLICITUD DE MUESTRA<\/a>[\/vc_column][\/vc_row][vc_row css_animation=\u00bb\u00bb row_type=\u00bbrow\u00bb use_row_as_full_screen_section=\u00bbno\u00bb type=\u00bbfull_width\u00bb angled_section=\u00bbno\u00bb text_align=\u00bbleft\u00bb background_image_as_pattern=\u00bbwithout_pattern\u00bb][vc_column][vc_separator type=\u00bbtransparent\u00bb up=\u00bb94&#8243; down=\u00bb0&#8243;][\/vc_column][\/vc_row][vc_row css_animation=\u00bb\u00bb row_type=\u00bbrow\u00bb use_row_as_full_screen_section=\u00bbno\u00bb type=\u00bbgrid\u00bb angled_section=\u00bbno\u00bb text_align=\u00bbleft\u00bb background_image_as_pattern=\u00bbwithout_pattern\u00bb padding_top=\u00bb87&#8243; background_color=\u00bb#ffffff\u00bb][vc_column width=\u00bb2\/3&#8243;][vc_column_text]<\/p>\n<h2 style=\"text-align: left;\"><strong>Gesti\u00f3n de dispositivos simplificada<\/strong><\/h2>\n<p>[\/vc_column_text][vc_separator type=\u00bbsmall\u00bb position=\u00bbleft\u00bb down=\u00bb34&#8243; up=\u00bb7&#8243;][vc_column_text]NuKey\u2122 simplifica el proceso de desbloqueo para el profesorado, ofreciendo un desbloqueo f\u00e1cil y r\u00e1pido de los dispositivos sin retrasos.[\/vc_column_text][vc_separator type=\u00bbtransparent\u00bb up=\u00bb20&#8243; down=\u00bb16&#8243;][\/vc_column][vc_column width=\u00bb1\/3&#8243;][vc_separator type=\u00bbtransparent\u00bb up=\u00bb7&#8243; down=\u00bb0&#8243;][vc_separator type=\u00bbtransparent\u00bb up=\u00bb15&#8243; down=\u00bb0&#8243;][vc_single_image image=\u00bb70921&#8243; img_size=\u00bbfull\u00bb qode_css_animation=\u00bbelement_from_right\u00bb transition_delay=\u00bb0.3&#8243;][\/vc_column][\/vc_row][vc_row css_animation=\u00bb\u00bb row_type=\u00bbrow\u00bb use_row_as_full_screen_section=\u00bbno\u00bb type=\u00bbfull_width\u00bb angled_section=\u00bbno\u00bb text_align=\u00bbleft\u00bb background_image_as_pattern=\u00bbwithout_pattern\u00bb background_color=\u00bb#ffffff\u00bb][vc_column][vc_separator type=\u00bbtransparent\u00bb up=\u00bb94&#8243; down=\u00bb0&#8243;][\/vc_column][\/vc_row][vc_row css_animation=\u00bb\u00bb row_type=\u00bbrow\u00bb use_row_as_full_screen_section=\u00bbno\u00bb type=\u00bbgrid\u00bb angled_section=\u00bbno\u00bb text_align=\u00bbleft\u00bb background_image_as_pattern=\u00bbwithout_pattern\u00bb padding_top=\u00bb87&#8243;][vc_column width=\u00bb1\/3&#8243;][vc_separator type=\u00bbtransparent\u00bb up=\u00bb7&#8243; down=\u00bb0&#8243;][vc_single_image image=\u00bb70914&#8243; img_size=\u00bbfull\u00bb qode_css_animation=\u00bbelement_from_left\u00bb transition_delay=\u00bb0.3&#8243;][vc_separator type=\u00bbtransparent\u00bb up=\u00bb15&#8243; down=\u00bb0&#8243;][\/vc_column][vc_column width=\u00bb2\/3&#8243;][vc_column_text]<\/p>\n<h2 style=\"text-align: left;\"><strong>Protecci\u00f3n mejorada<\/strong><\/h2>\n<p>[\/vc_column_text][vc_separator type=\u00bbsmall\u00bb position=\u00bbleft\u00bb down=\u00bb34&#8243; up=\u00bb7&#8243;][vc_column_text]El dise\u00f1o de carcasa r\u00edgida proporciona una protecci\u00f3n superior frente a ca\u00eddas, golpes y ara\u00f1azos.[\/vc_column_text][vc_separator type=\u00bbtransparent\u00bb up=\u00bb20&#8243; down=\u00bb16&#8243;]<a  itemprop=\"url\" href=\"#contact\" target=\"_self\"  class=\"qbutton  default\" style=\"\">SOLICITUD DE MUESTRA<\/a>[\/vc_column][\/vc_row][vc_row css_animation=\u00bb\u00bb row_type=\u00bbrow\u00bb use_row_as_full_screen_section=\u00bbno\u00bb type=\u00bbfull_width\u00bb angled_section=\u00bbno\u00bb text_align=\u00bbleft\u00bb background_image_as_pattern=\u00bbwithout_pattern\u00bb][vc_column][vc_separator type=\u00bbtransparent\u00bb up=\u00bb94&#8243; down=\u00bb0&#8243;][\/vc_column][\/vc_row][vc_row css_animation=\u00bb\u00bb row_type=\u00bbrow\u00bb use_row_as_full_screen_section=\u00bbno\u00bb type=\u00bbgrid\u00bb angled_section=\u00bbno\u00bb text_align=\u00bbleft\u00bb background_image_as_pattern=\u00bbwithout_pattern\u00bb padding_top=\u00bb87&#8243; background_color=\u00bb#ffffff\u00bb z_index=\u00bb\u00bb anchor=\u00bbcontact\u00bb][vc_column width=\u00bb1\/2&#8243;][vc_separator type=\u00bbtransparent\u00bb up=\u00bb7&#8243; down=\u00bb0&#8243;][vc_single_image image=\u00bb70973&#8243; img_size=\u00bbfull\u00bb qode_css_animation=\u00bbelement_from_left\u00bb transition_delay=\u00bb0.3&#8243;][vc_separator type=\u00bbtransparent\u00bb up=\u00bb15&#8243; down=\u00bb0&#8243;][\/vc_column][vc_column width=\u00bb1\/2&#8243;][vc_column_text]<\/p>\n<h2 style=\"text-align: left;\">Solicite su muestra de evaluaci\u00f3n<\/h2>\n<p>[\/vc_column_text][vc_separator type=\u00bbsmall\u00bb position=\u00bbleft\u00bb down=\u00bb34&#8243; up=\u00bb7&#8243;][vc_column_text]Solo tiene que rellenar el formulario a continuaci\u00f3n y comenzaremos a preparar su muestra.[\/vc_column_text][vc_separator type=\u00bbtransparent\u00bb up=\u00bb20&#8243; down=\u00bb16&#8243;]\n<div class=\"wpcf7 no-js\" id=\"wpcf7-f250-o1\" lang=\"en-US\" dir=\"ltr\" data-wpcf7-id=\"250\">\n<div class=\"screen-reader-response\"><p role=\"status\" aria-live=\"polite\" aria-atomic=\"true\"><\/p> <ul><\/ul><\/div>\n<form action=\"\/es\/wp-json\/wp\/v2\/pages\/70970#wpcf7-f250-o1\" method=\"post\" class=\"wpcf7-form init default\" aria-label=\"Contact form\" novalidate=\"novalidate\" data-status=\"init\">\n<fieldset class=\"hidden-fields-container\"><input type=\"hidden\" name=\"_wpcf7\" value=\"250\" \/><input type=\"hidden\" name=\"_wpcf7_version\" value=\"6.1.5\" \/><input type=\"hidden\" name=\"_wpcf7_locale\" value=\"en_US\" \/><input type=\"hidden\" name=\"_wpcf7_unit_tag\" value=\"wpcf7-f250-o1\" \/><input type=\"hidden\" name=\"_wpcf7_container_post\" value=\"0\" \/><input type=\"hidden\" name=\"_wpcf7_posted_data_hash\" value=\"\" \/><input type=\"hidden\" name=\"_wpcf7_recaptcha_response\" value=\"\" \/>\n<\/fieldset>\n<p>Your Name (required)<br \/>\n    <span class=\"wpcf7-form-control-wrap\" data-name=\"your-name\"><input size=\"40\" maxlength=\"400\" class=\"wpcf7-form-control wpcf7-text wpcf7-validates-as-required\" aria-required=\"true\" aria-invalid=\"false\" value=\"\" type=\"text\" name=\"your-name\" \/><\/span> <\/p>\n<p>Your Email (required)<br \/>\n    <span class=\"wpcf7-form-control-wrap\" data-name=\"your-email\"><input size=\"40\" maxlength=\"400\" class=\"wpcf7-form-control wpcf7-email wpcf7-validates-as-required wpcf7-text wpcf7-validates-as-email\" aria-required=\"true\" aria-invalid=\"false\" value=\"\" type=\"email\" name=\"your-email\" \/><\/span> <\/p>\n<p> Your Role\/Title<br \/>\n<span class=\"wpcf7-form-control-wrap\" data-name=\"Position\"><input size=\"40\" maxlength=\"400\" class=\"wpcf7-form-control wpcf7-text\" aria-invalid=\"false\" value=\"\" type=\"text\" name=\"Position\" \/><\/span><\/p>\n<p> District\/School Name<br \/>\n<span class=\"wpcf7-form-control-wrap\" data-name=\"schoolname\"><input size=\"40\" maxlength=\"400\" class=\"wpcf7-form-control wpcf7-text\" aria-invalid=\"false\" value=\"\" type=\"text\" name=\"schoolname\" \/><\/span><\/p>\n<\/p>Total Student Enrollment<br \/>\n<span class=\"wpcf7-form-control-wrap\" data-name=\"checkbox-625\"><span class=\"wpcf7-form-control wpcf7-checkbox\"><span class=\"wpcf7-list-item first\"><input type=\"checkbox\" name=\"checkbox-625[]\" value=\"25-99\" \/><span class=\"wpcf7-list-item-label\">25-99<\/span><\/span><span class=\"wpcf7-list-item\"><input type=\"checkbox\" name=\"checkbox-625[]\" value=\"100-249\" \/><span class=\"wpcf7-list-item-label\">100-249<\/span><\/span><span class=\"wpcf7-list-item\"><input type=\"checkbox\" name=\"checkbox-625[]\" value=\"250-499\" \/><span class=\"wpcf7-list-item-label\">250-499<\/span><\/span><span class=\"wpcf7-list-item\"><input type=\"checkbox\" name=\"checkbox-625[]\" value=\"500-999\" \/><span class=\"wpcf7-list-item-label\">500-999<\/span><\/span><span class=\"wpcf7-list-item last\"><input type=\"checkbox\" name=\"checkbox-625[]\" value=\"1000+\" \/><span class=\"wpcf7-list-item-label\">1000+<\/span><\/span><\/span><\/span><\/p>\n<\/p>Do you  have a budget in place?<br \/>\n<span class=\"wpcf7-form-control-wrap\" data-name=\"checkbox-990\"><span class=\"wpcf7-form-control wpcf7-checkbox\"><span class=\"wpcf7-list-item first\"><input type=\"checkbox\" name=\"checkbox-990[]\" value=\"Yes\" \/><span class=\"wpcf7-list-item-label\">Yes<\/span><\/span><span class=\"wpcf7-list-item last\"><input type=\"checkbox\" name=\"checkbox-990[]\" value=\"No\" \/><span class=\"wpcf7-list-item-label\">No<\/span><\/span><\/span><\/span>\n<\/p>Deployment Timeline<br \/>\n<span class=\"wpcf7-form-control-wrap\" data-name=\"checkbox-866\"><span class=\"wpcf7-form-control wpcf7-checkbox\"><span class=\"wpcf7-list-item first\"><input type=\"checkbox\" name=\"checkbox-866[]\" value=\"Current\" \/><span class=\"wpcf7-list-item-label\">Current<\/span><\/span><span class=\"wpcf7-list-item\"><input type=\"checkbox\" name=\"checkbox-866[]\" value=\"30 Days\" \/><span class=\"wpcf7-list-item-label\">30 Days<\/span><\/span><span class=\"wpcf7-list-item\"><input type=\"checkbox\" name=\"checkbox-866[]\" value=\"90 Days\" \/><span class=\"wpcf7-list-item-label\">90 Days<\/span><\/span><span class=\"wpcf7-list-item last\"><input type=\"checkbox\" name=\"checkbox-866[]\" value=\"180 Days+\" \/><span class=\"wpcf7-list-item-label\">180 Days+<\/span><\/span><\/span><\/span><\/p>\n\n\n\n\n\n\n                                                                  <p><input class=\"wpcf7-form-control wpcf7-submit has-spinner\" type=\"submit\" value=\"REQUEST\" \/><\/p><p style=\"display: none !important;\" class=\"akismet-fields-container\" data-prefix=\"_wpcf7_ak_\"><label>&#916;<textarea name=\"_wpcf7_ak_hp_textarea\" cols=\"45\" rows=\"8\" maxlength=\"100\"><\/textarea><\/label><input type=\"hidden\" id=\"ak_js_1\" name=\"_wpcf7_ak_js\" value=\"131\"\/><script>document.getElementById( \"ak_js_1\" ).setAttribute( \"value\", ( new Date() ).getTime() );<\/script><\/p><div class=\"wpcf7-response-output\" aria-hidden=\"true\"><\/div>\n<\/form>\n<\/div>\n[\/vc_column][\/vc_row][vc_row css_animation=\u00bb\u00bb row_type=\u00bbrow\u00bb use_row_as_full_screen_section=\u00bbno\u00bb type=\u00bbfull_width\u00bb angled_section=\u00bbno\u00bb text_align=\u00bbleft\u00bb background_image_as_pattern=\u00bbwithout_pattern\u00bb][vc_column][vc_separator type=\u00bbtransparent\u00bb up=\u00bb94&#8243; down=\u00bb0&#8243;][\/vc_column][\/vc_row]<\/p>\n<\/div>","protected":false},"excerpt":{"rendered":"<p>[vc_row css_animation=\u00bb\u00bb row_type=\u00bbrow\u00bb use_row_as_full_screen_section=\u00bbno\u00bb type=\u00bbgrid\u00bb angled_section=\u00bbno\u00bb text_align=\u00bbleft\u00bb background_image_as_pattern=\u00bbwithout_pattern\u00bb padding_top=\u00bb87&#8243;][vc_column width=\u00bb1\/3&#8243;][vc_separator type=\u00bbtransparent\u00bb up=\u00bb7&#8243; down=\u00bb0&#8243;][vc_single_image image=\u00bb70971&#8243; img_size=\u00bbfull\u00bb qode_css_animation=\u00bbelement_from_left\u00bb transition_delay=\u00bb0.3&#8243;][vc_separator type=\u00bbtransparent\u00bb up=\u00bb15&#8243; down=\u00bb0&#8243;][\/vc_column][vc_column width=\u00bb2\/3&#8243;][vc_column_text] NuKey\u2122: acceso a medida para un aprendizaje a medida [\/vc_column_text][vc_separator type=\u00bbsmall\u00bb position=\u00bbleft\u00bb down=\u00bb34&#8243; up=\u00bb7&#8243;][vc_column_text]Dise\u00f1ada espec\u00edficamente para alumnado con necesidades educativas especiales, NuKey\u2122 ofrece una&#8230;<\/p>\n","protected":false},"author":1,"featured_media":0,"parent":0,"menu_order":0,"comment_status":"closed","ping_status":"closed","template":"full_width.php","meta":{"content-type":"","footnotes":""},"class_list":["post-70970","page","type-page","status-publish","hentry"],"yoast_head":"<!-- This site is optimized with the Yoast SEO plugin v27.3 - https:\/\/yoast.com\/product\/yoast-seo-wordpress\/ -->\n<title>Funda de exenci\u00f3n m\u00e9dica NuKey\u2122 - NuKase Lockable Phone Case<\/title>\n<meta name=\"robots\" content=\"index, follow, max-snippet:-1, max-image-preview:large, max-video-preview:-1\" \/>\n<link rel=\"canonical\" href=\"https:\/\/nugerm.com\/es\/funda-de-exencion-medica-nukey\/\" \/>\n<meta property=\"og:locale\" content=\"es_ES\" \/>\n<meta property=\"og:type\" content=\"article\" \/>\n<meta property=\"og:title\" content=\"Funda de exenci\u00f3n m\u00e9dica NuKey\u2122 - NuKase Lockable Phone Case\" \/>\n<meta property=\"og:description\" content=\"[vc_row css_animation=\u00bb\u00bb row_type=\u00bbrow\u00bb use_row_as_full_screen_section=\u00bbno\u00bb type=\u00bbgrid\u00bb angled_section=\u00bbno\u00bb text_align=\u00bbleft\u00bb background_image_as_pattern=\u00bbwithout_pattern\u00bb padding_top=\u00bb87&#8243;][vc_column width=\u00bb1\/3&#8243;][vc_separator type=\u00bbtransparent\u00bb up=\u00bb7&#8243; down=\u00bb0&#8243;][vc_single_image image=\u00bb70971&#8243; img_size=\u00bbfull\u00bb qode_css_animation=\u00bbelement_from_left\u00bb transition_delay=\u00bb0.3&#8243;][vc_separator type=\u00bbtransparent\u00bb up=\u00bb15&#8243; down=\u00bb0&#8243;][\/vc_column][vc_column width=\u00bb2\/3&#8243;][vc_column_text] NuKey\u2122: acceso a medida para un aprendizaje a medida [\/vc_column_text][vc_separator type=\u00bbsmall\u00bb position=\u00bbleft\u00bb down=\u00bb34&#8243; up=\u00bb7&#8243;][vc_column_text]Dise\u00f1ada espec\u00edficamente para alumnado con necesidades educativas especiales, NuKey\u2122 ofrece una...\" \/>\n<meta property=\"og:url\" content=\"https:\/\/nugerm.com\/es\/funda-de-exencion-medica-nukey\/\" \/>\n<meta property=\"og:site_name\" content=\"NuKase Lockable Phone Case\" \/>\n<meta property=\"article:modified_time\" content=\"2026-03-28T14:37:23+00:00\" \/>\n<meta name=\"twitter:card\" content=\"summary_large_image\" \/>\n<meta name=\"twitter:label1\" content=\"Tiempo de lectura\" \/>\n\t<meta name=\"twitter:data1\" content=\"6 minutos\" \/>\n<script type=\"application\/ld+json\" class=\"yoast-schema-graph\">{\"@context\":\"https:\\\/\\\/schema.org\",\"@graph\":[{\"@type\":\"WebPage\",\"@id\":\"https:\\\/\\\/nugerm.com\\\/es\\\/funda-de-exencion-medica-nukey\\\/\",\"url\":\"https:\\\/\\\/nugerm.com\\\/es\\\/funda-de-exencion-medica-nukey\\\/\",\"name\":\"Funda de exenci\u00f3n m\u00e9dica NuKey\u2122 - NuKase Lockable Phone Case\",\"isPartOf\":{\"@id\":\"https:\\\/\\\/nugerm.com\\\/#website\"},\"datePublished\":\"2023-11-04T18:06:16+00:00\",\"dateModified\":\"2026-03-28T14:37:23+00:00\",\"breadcrumb\":{\"@id\":\"https:\\\/\\\/nugerm.com\\\/es\\\/funda-de-exencion-medica-nukey\\\/#breadcrumb\"},\"inLanguage\":\"es\",\"potentialAction\":[{\"@type\":\"ReadAction\",\"target\":[\"https:\\\/\\\/nugerm.com\\\/es\\\/funda-de-exencion-medica-nukey\\\/\"]}]},{\"@type\":\"BreadcrumbList\",\"@id\":\"https:\\\/\\\/nugerm.com\\\/es\\\/funda-de-exencion-medica-nukey\\\/#breadcrumb\",\"itemListElement\":[{\"@type\":\"ListItem\",\"position\":1,\"name\":\"Home\",\"item\":\"https:\\\/\\\/nugerm.com\\\/es\\\/inicio\\\/\"},{\"@type\":\"ListItem\",\"position\":2,\"name\":\"Funda de exenci\u00f3n m\u00e9dica NuKey\u2122\"}]},{\"@type\":\"WebSite\",\"@id\":\"https:\\\/\\\/nugerm.com\\\/#website\",\"url\":\"https:\\\/\\\/nugerm.com\\\/\",\"name\":\"NuKase Lockable Phone Case\",\"description\":\"NuKase \u2013 Lock Distractions, Unlock Potential. The Simple Solution for a Phone-Free Classroom.\",\"publisher\":{\"@id\":\"https:\\\/\\\/nugerm.com\\\/#organization\"},\"potentialAction\":[{\"@type\":\"SearchAction\",\"target\":{\"@type\":\"EntryPoint\",\"urlTemplate\":\"https:\\\/\\\/nugerm.com\\\/?s={search_term_string}\"},\"query-input\":{\"@type\":\"PropertyValueSpecification\",\"valueRequired\":true,\"valueName\":\"search_term_string\"}}],\"inLanguage\":\"es\"},{\"@type\":\"Organization\",\"@id\":\"https:\\\/\\\/nugerm.com\\\/#organization\",\"name\":\"NuKase Lockable Phone Case\",\"url\":\"https:\\\/\\\/nugerm.com\\\/\",\"logo\":{\"@type\":\"ImageObject\",\"inLanguage\":\"es\",\"@id\":\"https:\\\/\\\/nugerm.com\\\/#\\\/schema\\\/logo\\\/image\\\/\",\"url\":\"https:\\\/\\\/nugerm.com\\\/wp-content\\\/uploads\\\/2025\\\/11\\\/NuKase-by-NuGerm-2-good-small-logo-1.png\",\"contentUrl\":\"https:\\\/\\\/nugerm.com\\\/wp-content\\\/uploads\\\/2025\\\/11\\\/NuKase-by-NuGerm-2-good-small-logo-1.png\",\"width\":800,\"height\":313,\"caption\":\"NuKase Lockable Phone Case\"},\"image\":{\"@id\":\"https:\\\/\\\/nugerm.com\\\/#\\\/schema\\\/logo\\\/image\\\/\"}}]}<\/script>\n<!-- \/ Yoast SEO plugin. -->","yoast_head_json":{"title":"Funda de exenci\u00f3n m\u00e9dica NuKey\u2122 - NuKase Lockable Phone Case","robots":{"index":"index","follow":"follow","max-snippet":"max-snippet:-1","max-image-preview":"max-image-preview:large","max-video-preview":"max-video-preview:-1"},"canonical":"https:\/\/nugerm.com\/es\/funda-de-exencion-medica-nukey\/","og_locale":"es_ES","og_type":"article","og_title":"Funda de exenci\u00f3n m\u00e9dica NuKey\u2122 - NuKase Lockable Phone Case","og_description":"[vc_row css_animation=\u00bb\u00bb row_type=\u00bbrow\u00bb use_row_as_full_screen_section=\u00bbno\u00bb type=\u00bbgrid\u00bb angled_section=\u00bbno\u00bb text_align=\u00bbleft\u00bb background_image_as_pattern=\u00bbwithout_pattern\u00bb padding_top=\u00bb87&#8243;][vc_column width=\u00bb1\/3&#8243;][vc_separator type=\u00bbtransparent\u00bb up=\u00bb7&#8243; down=\u00bb0&#8243;][vc_single_image image=\u00bb70971&#8243; img_size=\u00bbfull\u00bb qode_css_animation=\u00bbelement_from_left\u00bb transition_delay=\u00bb0.3&#8243;][vc_separator type=\u00bbtransparent\u00bb up=\u00bb15&#8243; down=\u00bb0&#8243;][\/vc_column][vc_column width=\u00bb2\/3&#8243;][vc_column_text] NuKey\u2122: acceso a medida para un aprendizaje a medida [\/vc_column_text][vc_separator type=\u00bbsmall\u00bb position=\u00bbleft\u00bb down=\u00bb34&#8243; up=\u00bb7&#8243;][vc_column_text]Dise\u00f1ada espec\u00edficamente para alumnado con necesidades educativas especiales, NuKey\u2122 ofrece una...","og_url":"https:\/\/nugerm.com\/es\/funda-de-exencion-medica-nukey\/","og_site_name":"NuKase Lockable Phone Case","article_modified_time":"2026-03-28T14:37:23+00:00","twitter_card":"summary_large_image","twitter_misc":{"Tiempo de lectura":"6 minutos"},"schema":{"@context":"https:\/\/schema.org","@graph":[{"@type":"WebPage","@id":"https:\/\/nugerm.com\/es\/funda-de-exencion-medica-nukey\/","url":"https:\/\/nugerm.com\/es\/funda-de-exencion-medica-nukey\/","name":"Funda de exenci\u00f3n m\u00e9dica NuKey\u2122 - NuKase Lockable Phone Case","isPartOf":{"@id":"https:\/\/nugerm.com\/#website"},"datePublished":"2023-11-04T18:06:16+00:00","dateModified":"2026-03-28T14:37:23+00:00","breadcrumb":{"@id":"https:\/\/nugerm.com\/es\/funda-de-exencion-medica-nukey\/#breadcrumb"},"inLanguage":"es","potentialAction":[{"@type":"ReadAction","target":["https:\/\/nugerm.com\/es\/funda-de-exencion-medica-nukey\/"]}]},{"@type":"BreadcrumbList","@id":"https:\/\/nugerm.com\/es\/funda-de-exencion-medica-nukey\/#breadcrumb","itemListElement":[{"@type":"ListItem","position":1,"name":"Home","item":"https:\/\/nugerm.com\/es\/inicio\/"},{"@type":"ListItem","position":2,"name":"Funda de exenci\u00f3n m\u00e9dica NuKey\u2122"}]},{"@type":"WebSite","@id":"https:\/\/nugerm.com\/#website","url":"https:\/\/nugerm.com\/","name":"NuKase Lockable Phone Case","description":"NuKase \u2013 Lock Distractions, Unlock Potential. The Simple Solution for a Phone-Free Classroom.","publisher":{"@id":"https:\/\/nugerm.com\/#organization"},"potentialAction":[{"@type":"SearchAction","target":{"@type":"EntryPoint","urlTemplate":"https:\/\/nugerm.com\/?s={search_term_string}"},"query-input":{"@type":"PropertyValueSpecification","valueRequired":true,"valueName":"search_term_string"}}],"inLanguage":"es"},{"@type":"Organization","@id":"https:\/\/nugerm.com\/#organization","name":"NuKase Lockable Phone Case","url":"https:\/\/nugerm.com\/","logo":{"@type":"ImageObject","inLanguage":"es","@id":"https:\/\/nugerm.com\/#\/schema\/logo\/image\/","url":"https:\/\/nugerm.com\/wp-content\/uploads\/2025\/11\/NuKase-by-NuGerm-2-good-small-logo-1.png","contentUrl":"https:\/\/nugerm.com\/wp-content\/uploads\/2025\/11\/NuKase-by-NuGerm-2-good-small-logo-1.png","width":800,"height":313,"caption":"NuKase Lockable Phone Case"},"image":{"@id":"https:\/\/nugerm.com\/#\/schema\/logo\/image\/"}}]}},"_links":{"self":[{"href":"https:\/\/nugerm.com\/es\/wp-json\/wp\/v2\/pages\/70970","targetHints":{"allow":["GET"]}}],"collection":[{"href":"https:\/\/nugerm.com\/es\/wp-json\/wp\/v2\/pages"}],"about":[{"href":"https:\/\/nugerm.com\/es\/wp-json\/wp\/v2\/types\/page"}],"author":[{"embeddable":true,"href":"https:\/\/nugerm.com\/es\/wp-json\/wp\/v2\/users\/1"}],"replies":[{"embeddable":true,"href":"https:\/\/nugerm.com\/es\/wp-json\/wp\/v2\/comments?post=70970"}],"version-history":[{"count":2,"href":"https:\/\/nugerm.com\/es\/wp-json\/wp\/v2\/pages\/70970\/revisions"}],"predecessor-version":[{"id":70978,"href":"https:\/\/nugerm.com\/es\/wp-json\/wp\/v2\/pages\/70970\/revisions\/70978"}],"wp:attachment":[{"href":"https:\/\/nugerm.com\/es\/wp-json\/wp\/v2\/media?parent=70970"}],"curies":[{"name":"wp","href":"https:\/\/api.w.org\/{rel}","templated":true}]}}