{"id":70988,"date":"2024-02-09T17:05:02","date_gmt":"2024-02-09T17:05:02","guid":{"rendered":"https:\/\/nugerm.com\/video\/"},"modified":"2026-03-28T14:37:52","modified_gmt":"2026-03-28T14:37:52","slug":"video","status":"publish","type":"page","link":"https:\/\/nugerm.com\/es\/video\/","title":{"rendered":"V\u00cdDEO"},"content":{"rendered":"<div class=\"wpb-content-wrapper\"><p>[vc_row css_animation=\u00bb\u00bb row_type=\u00bbrow\u00bb use_row_as_full_screen_section=\u00bbno\u00bb type=\u00bbfull_width\u00bb angled_section=\u00bbno\u00bb text_align=\u00bbleft\u00bb background_image_as_pattern=\u00bbwithout_pattern\u00bb css=\u00bb.vc_custom_1707498602031{margin-bottom: 50px !important;}\u00bb z_index=\u00bb\u00bb][vc_column]<div class='q_icon_with_title large normal_icon center '><div class=\"icon_holder \" style=\" \"><span data-icon-type=\"normal\" class=\"qode_iwt_icon_holder q_font_awsome_icon fa-4x  \"><i class=\"qode_icon_font_awesome fa fa-video-camera qode_iwt_icon_element\"><\/i><\/span><\/div><div class=\"icon_text_holder\" style=\"\"><div class=\"icon_text_inner\" style=\"\"><h5 class=\"icon_title\" style=\"\">V\u00eddeos del producto<\/h5><p style=''><\/p><\/div><\/div><\/div>[\/vc_column][\/vc_row][vc_row css_animation=\u00bb\u00bb row_type=\u00bbrow\u00bb use_row_as_full_screen_section=\u00bbyes\u00bb type=\u00bbfull_width\u00bb angled_section=\u00bbno\u00bb text_align=\u00bbleft\u00bb background_image_as_pattern=\u00bbwithout_pattern\u00bb z_index=\u00bb\u00bb css=\u00bb.vc_custom_1769283139822{margin-top: 50px !important;margin-right: 50px !important;margin-bottom: 50px !important;margin-left: 50px !important;}\u00bb][vc_column width=\u00bb1\/2&#8243;][vc_text_separator title=\u00bbDemostraci\u00f3n en v\u00eddeo de NuKase 3.0 | C\u00f3mo funciona\u00bb css_animation=\u00bbfadeIn\u00bb border=\u00bbno\u00bb background_color=\u00bb#5D5A5A\u00bb][vc_video link=\u00bbhttps:\/\/vimeo.com\/1143838093&#8243; align=\u00bbcenter\u00bb css_animation=\u00bbnone\u00bb css=\u00bb.vc_custom_1764943284468{margin-top: 50px !important;margin-bottom: 50px !important;}\u00bb][\/vc_column][vc_column width=\u00bb1\/2&#8243;][vc_text_separator title=\u00bb\u00bfQu\u00e9 resistencia tiene NuKase?\u00bb css_animation=\u00bbfadeIn\u00bb border=\u00bbno\u00bb background_color=\u00bb#5D5A5A\u00bb][vc_video link=\u00bbhttps:\/\/vimeo.com\/1131377183?share=copy&amp;fl=sv&amp;fe=ci\u00bb css=\u00bb.vc_custom_1769262564950{margin-top: 50px !important;margin-bottom: 50px !important;}\u00bb][\/vc_column][\/vc_row][vc_row css_animation=\u00bb\u00bb row_type=\u00bbrow\u00bb use_row_as_full_screen_section=\u00bbno\u00bb type=\u00bbfull_width\u00bb angled_section=\u00bbno\u00bb text_align=\u00bbleft\u00bb background_image_as_pattern=\u00bbwithout_pattern\u00bb css=\u00bb.vc_custom_1769283245874{margin-top: 50px !important;margin-right: 50px !important;margin-bottom: 50px !important;margin-left: 50px !important;border-color: #EF7A34 !important;}\u00bb z_index=\u00bb\u00bb][vc_column][vc_text_separator title=\u00bbV\u00eddeo de NuKase XL\u00bb border=\u00bbyes\u00bb border_color=\u00bb#EF7A34&#8243; background_color=\u00bb#00000000&#8243; title_color=\u00bb#EF7A34&#8243;][\/vc_column][\/vc_row][vc_row css_animation=\u00bb\u00bb row_type=\u00bbrow\u00bb use_row_as_full_screen_section=\u00bbyes\u00bb type=\u00bbfull_width\u00bb angled_section=\u00bbno\u00bb text_align=\u00bbleft\u00bb background_image_as_pattern=\u00bbwithout_pattern\u00bb row_title=\u00bbNuKase XL\u00bb z_index=\u00bb\u00bb css=\u00bb.vc_custom_1769283156645{margin-right: 50px !important;margin-left: 50px !important;}\u00bb][vc_column width=\u00bb1\/2&#8243;][vc_text_separator title=\u00bbNuKase XL | C\u00f3mo funciona\u00bb css_animation=\u00bbfadeIn\u00bb border=\u00bbno\u00bb background_color=\u00bb#5D5A5A\u00bb][vc_video link=\u00bbhttps:\/\/vimeo.com\/1131349751\/01c88d8d2e?fl=pl&amp;fe=sh\u00bb align=\u00bbcenter\u00bb css_animation=\u00bbnone\u00bb css=\u00bb.vc_custom_1761767878647{margin-top: 50px !important;margin-bottom: 50px !important;}\u00bb][\/vc_column][vc_column width=\u00bb1\/2&#8243;][vc_text_separator title=\u00bb\u00bfQu\u00e9 resistencia tiene NuKase XL? Compru\u00e9belo usted mismo\u00bb css_animation=\u00bbfadeIn\u00bb border=\u00bbno\u00bb background_color=\u00bb#5D5A5A\u00bb][vc_video link=\u00bbhttps:\/\/vimeo.com\/1131377242\/7d73c5a170?share=copy&amp;fl=sv&amp;fe=ci\u00bb align=\u00bbcenter\u00bb css_animation=\u00bbnone\u00bb css=\u00bb.vc_custom_1761767991098{margin-top: 50px !important;margin-bottom: 50px !important;}\u00bb][\/vc_column][\/vc_row][vc_row css_animation=\u00bb\u00bb row_type=\u00bbrow\u00bb use_row_as_full_screen_section=\u00bbno\u00bb type=\u00bbfull_width\u00bb angled_section=\u00bbno\u00bb text_align=\u00bbleft\u00bb background_image_as_pattern=\u00bbwithout_pattern\u00bb css=\u00bb.vc_custom_1769283266682{margin-right: 50px !important;margin-left: 50px !important;}\u00bb z_index=\u00bb\u00bb][vc_column][vc_column_text css=\u00bb\u00bb]<\/p>\n<h2 style=\"text-align: center;\"><span style=\"color: #ef7a34;\">RESERVE UNA DEMOSTRACI\u00d3N DE 15 MIN<\/span><\/h2>\n<p>&nbsp;<\/p>\n<p style=\"text-align: center;\"><iframe src=\"https:\/\/nugerm.com\/es\/wp-json\/ssa\/v1\/embed-inner?integration&type=nukase-intro-benefits-case-use-best-practices&label&types=1&edit&view&payment_provider&ssa_locale=es_ES&ssa_is_rtl&sid=af70981a177536fd536bad9d3bea4be5b3e02b1c&availability_start_date&availability_end_date&suggest_first_available&suggest_first_available_within_minutes&flow&fallback_flow&time_view&date_view&appointment_types_view&version&accent_color&background&padding&font&booking_url=https%3A%2F%2Fnugerm.com%2Fes%2Fvideo%2F&booking_post_id=70988&booking_title=V%C3%8DDEO&_wpnonce=6f4ee4c2fb&redirect_post_id&mepr_membership_id#\/\" height=\"400px\" width=\"100%\" name=\"ssa_booking\" loading=\"eager\" frameborder=\"0\" data-skip-lazy=\"1\" class=\"ssa_booking_iframe skip-lazy\" title=\"Reservar una hora\"><\/iframe><\/p>\n<hr>\n<p>[\/vc_column_text][\/vc_column][\/vc_row][vc_row css_animation=\u00bb\u00bb row_type=\u00bbrow\u00bb use_row_as_full_screen_section=\u00bbno\u00bb type=\u00bbfull_width\u00bb angled_section=\u00bbno\u00bb text_align=\u00bbleft\u00bb background_image_as_pattern=\u00bbwithout_pattern\u00bb][vc_column][vc_column_text css=\u00bb\u00bb]<span style=\"color: #f6f6f6;\">\u00bfEst\u00e1 cansado de lidiar con fundas Yondr perdidas o rotas? NuKase es la alternativa m\u00e1s inteligente y duradera. A diferencia de la funda Yondr, fabricada en tela y propensa al desgaste, NuKase es una funda r\u00edgida bloqueable que permanece con el alumno todo el d\u00eda: sin contenedores ni entregas. Est\u00e1 fabricada con NuPrene resistente a impactos, se adapta incluso a los smartphones m\u00e1s grandes y se bloquea con un simple clic. Los centros escolares ahorran tiempo y dinero al evitar la sustituci\u00f3n constante de fundas y eliminar las cuotas de suscripci\u00f3n. Si su centro escolar est\u00e1 considerando Yondr, examine m\u00e1s de cerca NuKase: fabricada para durar, m\u00e1s f\u00e1cil de gestionar y mejor para aplicar las pol\u00edticas de aulas sin tel\u00e9fonos.<\/span>[\/vc_column_text][\/vc_column][\/vc_row]<\/p>\n<\/div>","protected":false},"excerpt":{"rendered":"<p>[vc_row css_animation=\u00bb\u00bb row_type=\u00bbrow\u00bb use_row_as_full_screen_section=\u00bbno\u00bb type=\u00bbfull_width\u00bb angled_section=\u00bbno\u00bb text_align=\u00bbleft\u00bb background_image_as_pattern=\u00bbwithout_pattern\u00bb css=\u00bb.vc_custom_1707498602031{margin-bottom: 50px !important;}\u00bb z_index=\u00bb\u00bb][vc_column][\/vc_column][\/vc_row][vc_row css_animation=\u00bb\u00bb row_type=\u00bbrow\u00bb use_row_as_full_screen_section=\u00bbyes\u00bb type=\u00bbfull_width\u00bb angled_section=\u00bbno\u00bb text_align=\u00bbleft\u00bb background_image_as_pattern=\u00bbwithout_pattern\u00bb z_index=\u00bb\u00bb css=\u00bb.vc_custom_1769283139822{margin-top: 50px !important;margin-right: 50px !important;margin-bottom: 50px !important;margin-left: 50px !important;}\u00bb][vc_column width=\u00bb1\/2&#8243;][vc_text_separator title=\u00bbDemostraci\u00f3n en v\u00eddeo de NuKase 3.0 | C\u00f3mo funciona\u00bb css_animation=\u00bbfadeIn\u00bb border=\u00bbno\u00bb background_color=\u00bb#5D5A5A\u00bb][vc_video link=\u00bbhttps:\/\/vimeo.com\/1143838093&#8243; align=\u00bbcenter\u00bb css_animation=\u00bbnone\u00bb&#8230;<\/p>\n","protected":false},"author":1,"featured_media":0,"parent":0,"menu_order":0,"comment_status":"closed","ping_status":"closed","template":"full_width.php","meta":{"content-type":"","footnotes":""},"class_list":["post-70988","page","type-page","status-publish","hentry"],"yoast_head":"<!-- This site is optimized with the Yoast SEO plugin v27.3 - https:\/\/yoast.com\/product\/yoast-seo-wordpress\/ -->\n<title>V\u00cdDEO - NuKase Lockable Phone Case<\/title>\n<meta name=\"robots\" content=\"index, follow, max-snippet:-1, max-image-preview:large, max-video-preview:-1\" \/>\n<link rel=\"canonical\" href=\"https:\/\/nugerm.com\/es\/video\/\" \/>\n<meta property=\"og:locale\" content=\"es_ES\" \/>\n<meta property=\"og:type\" content=\"article\" \/>\n<meta property=\"og:title\" content=\"V\u00cdDEO - NuKase Lockable Phone Case\" \/>\n<meta property=\"og:description\" content=\"[vc_row css_animation=\u00bb\u00bb row_type=\u00bbrow\u00bb use_row_as_full_screen_section=\u00bbno\u00bb type=\u00bbfull_width\u00bb angled_section=\u00bbno\u00bb text_align=\u00bbleft\u00bb background_image_as_pattern=\u00bbwithout_pattern\u00bb css=\u00bb.vc_custom_1707498602031{margin-bottom: 50px !important;}\u00bb z_index=\u00bb\u00bb][vc_column][\/vc_column][\/vc_row][vc_row css_animation=\u00bb\u00bb row_type=\u00bbrow\u00bb use_row_as_full_screen_section=\u00bbyes\u00bb type=\u00bbfull_width\u00bb angled_section=\u00bbno\u00bb text_align=\u00bbleft\u00bb background_image_as_pattern=\u00bbwithout_pattern\u00bb z_index=\u00bb\u00bb css=\u00bb.vc_custom_1769283139822{margin-top: 50px !important;margin-right: 50px !important;margin-bottom: 50px !important;margin-left: 50px !important;}\u00bb][vc_column width=\u00bb1\/2&#8243;][vc_text_separator title=\u00bbDemostraci\u00f3n en v\u00eddeo de NuKase 3.0 | C\u00f3mo funciona\u00bb css_animation=\u00bbfadeIn\u00bb border=\u00bbno\u00bb background_color=\u00bb#5D5A5A\u00bb][vc_video link=\u00bbhttps:\/\/vimeo.com\/1143838093&#8243; align=\u00bbcenter\u00bb css_animation=\u00bbnone\u00bb...\" \/>\n<meta property=\"og:url\" content=\"https:\/\/nugerm.com\/es\/video\/\" \/>\n<meta property=\"og:site_name\" content=\"NuKase Lockable Phone Case\" \/>\n<meta property=\"article:modified_time\" content=\"2026-03-28T14:37:52+00:00\" \/>\n<meta name=\"twitter:card\" content=\"summary_large_image\" \/>\n<meta name=\"twitter:label1\" content=\"Tiempo de lectura\" \/>\n\t<meta name=\"twitter:data1\" content=\"3 minutos\" \/>\n<script type=\"application\/ld+json\" class=\"yoast-schema-graph\">{\"@context\":\"https:\\\/\\\/schema.org\",\"@graph\":[{\"@type\":\"WebPage\",\"@id\":\"https:\\\/\\\/nugerm.com\\\/es\\\/video\\\/\",\"url\":\"https:\\\/\\\/nugerm.com\\\/es\\\/video\\\/\",\"name\":\"V\u00cdDEO - NuKase Lockable Phone Case\",\"isPartOf\":{\"@id\":\"https:\\\/\\\/nugerm.com\\\/#website\"},\"datePublished\":\"2024-02-09T17:05:02+00:00\",\"dateModified\":\"2026-03-28T14:37:52+00:00\",\"breadcrumb\":{\"@id\":\"https:\\\/\\\/nugerm.com\\\/es\\\/video\\\/#breadcrumb\"},\"inLanguage\":\"es\",\"potentialAction\":[{\"@type\":\"ReadAction\",\"target\":[\"https:\\\/\\\/nugerm.com\\\/es\\\/video\\\/\"]}]},{\"@type\":\"BreadcrumbList\",\"@id\":\"https:\\\/\\\/nugerm.com\\\/es\\\/video\\\/#breadcrumb\",\"itemListElement\":[{\"@type\":\"ListItem\",\"position\":1,\"name\":\"Home\",\"item\":\"https:\\\/\\\/nugerm.com\\\/es\\\/inicio\\\/\"},{\"@type\":\"ListItem\",\"position\":2,\"name\":\"V\u00cdDEO\"}]},{\"@type\":\"WebSite\",\"@id\":\"https:\\\/\\\/nugerm.com\\\/#website\",\"url\":\"https:\\\/\\\/nugerm.com\\\/\",\"name\":\"NuKase Lockable Phone Case\",\"description\":\"NuKase \u2013 Lock Distractions, Unlock Potential. The Simple Solution for a Phone-Free Classroom.\",\"publisher\":{\"@id\":\"https:\\\/\\\/nugerm.com\\\/#organization\"},\"potentialAction\":[{\"@type\":\"SearchAction\",\"target\":{\"@type\":\"EntryPoint\",\"urlTemplate\":\"https:\\\/\\\/nugerm.com\\\/?s={search_term_string}\"},\"query-input\":{\"@type\":\"PropertyValueSpecification\",\"valueRequired\":true,\"valueName\":\"search_term_string\"}}],\"inLanguage\":\"es\"},{\"@type\":\"Organization\",\"@id\":\"https:\\\/\\\/nugerm.com\\\/#organization\",\"name\":\"NuKase Lockable Phone Case\",\"url\":\"https:\\\/\\\/nugerm.com\\\/\",\"logo\":{\"@type\":\"ImageObject\",\"inLanguage\":\"es\",\"@id\":\"https:\\\/\\\/nugerm.com\\\/#\\\/schema\\\/logo\\\/image\\\/\",\"url\":\"https:\\\/\\\/nugerm.com\\\/wp-content\\\/uploads\\\/2025\\\/11\\\/NuKase-by-NuGerm-2-good-small-logo-1.png\",\"contentUrl\":\"https:\\\/\\\/nugerm.com\\\/wp-content\\\/uploads\\\/2025\\\/11\\\/NuKase-by-NuGerm-2-good-small-logo-1.png\",\"width\":800,\"height\":313,\"caption\":\"NuKase Lockable Phone Case\"},\"image\":{\"@id\":\"https:\\\/\\\/nugerm.com\\\/#\\\/schema\\\/logo\\\/image\\\/\"}}]}<\/script>\n<!-- \/ Yoast SEO plugin. -->","yoast_head_json":{"title":"V\u00cdDEO - NuKase Lockable Phone Case","robots":{"index":"index","follow":"follow","max-snippet":"max-snippet:-1","max-image-preview":"max-image-preview:large","max-video-preview":"max-video-preview:-1"},"canonical":"https:\/\/nugerm.com\/es\/video\/","og_locale":"es_ES","og_type":"article","og_title":"V\u00cdDEO - NuKase Lockable Phone Case","og_description":"[vc_row css_animation=\u00bb\u00bb row_type=\u00bbrow\u00bb use_row_as_full_screen_section=\u00bbno\u00bb type=\u00bbfull_width\u00bb angled_section=\u00bbno\u00bb text_align=\u00bbleft\u00bb background_image_as_pattern=\u00bbwithout_pattern\u00bb css=\u00bb.vc_custom_1707498602031{margin-bottom: 50px !important;}\u00bb z_index=\u00bb\u00bb][vc_column][\/vc_column][\/vc_row][vc_row css_animation=\u00bb\u00bb row_type=\u00bbrow\u00bb use_row_as_full_screen_section=\u00bbyes\u00bb type=\u00bbfull_width\u00bb angled_section=\u00bbno\u00bb text_align=\u00bbleft\u00bb background_image_as_pattern=\u00bbwithout_pattern\u00bb z_index=\u00bb\u00bb css=\u00bb.vc_custom_1769283139822{margin-top: 50px !important;margin-right: 50px !important;margin-bottom: 50px !important;margin-left: 50px !important;}\u00bb][vc_column width=\u00bb1\/2&#8243;][vc_text_separator title=\u00bbDemostraci\u00f3n en v\u00eddeo de NuKase 3.0 | C\u00f3mo funciona\u00bb css_animation=\u00bbfadeIn\u00bb border=\u00bbno\u00bb background_color=\u00bb#5D5A5A\u00bb][vc_video link=\u00bbhttps:\/\/vimeo.com\/1143838093&#8243; align=\u00bbcenter\u00bb css_animation=\u00bbnone\u00bb...","og_url":"https:\/\/nugerm.com\/es\/video\/","og_site_name":"NuKase Lockable Phone Case","article_modified_time":"2026-03-28T14:37:52+00:00","twitter_card":"summary_large_image","twitter_misc":{"Tiempo de lectura":"3 minutos"},"schema":{"@context":"https:\/\/schema.org","@graph":[{"@type":"WebPage","@id":"https:\/\/nugerm.com\/es\/video\/","url":"https:\/\/nugerm.com\/es\/video\/","name":"V\u00cdDEO - NuKase Lockable Phone Case","isPartOf":{"@id":"https:\/\/nugerm.com\/#website"},"datePublished":"2024-02-09T17:05:02+00:00","dateModified":"2026-03-28T14:37:52+00:00","breadcrumb":{"@id":"https:\/\/nugerm.com\/es\/video\/#breadcrumb"},"inLanguage":"es","potentialAction":[{"@type":"ReadAction","target":["https:\/\/nugerm.com\/es\/video\/"]}]},{"@type":"BreadcrumbList","@id":"https:\/\/nugerm.com\/es\/video\/#breadcrumb","itemListElement":[{"@type":"ListItem","position":1,"name":"Home","item":"https:\/\/nugerm.com\/es\/inicio\/"},{"@type":"ListItem","position":2,"name":"V\u00cdDEO"}]},{"@type":"WebSite","@id":"https:\/\/nugerm.com\/#website","url":"https:\/\/nugerm.com\/","name":"NuKase Lockable Phone Case","description":"NuKase \u2013 Lock Distractions, Unlock Potential. The Simple Solution for a Phone-Free Classroom.","publisher":{"@id":"https:\/\/nugerm.com\/#organization"},"potentialAction":[{"@type":"SearchAction","target":{"@type":"EntryPoint","urlTemplate":"https:\/\/nugerm.com\/?s={search_term_string}"},"query-input":{"@type":"PropertyValueSpecification","valueRequired":true,"valueName":"search_term_string"}}],"inLanguage":"es"},{"@type":"Organization","@id":"https:\/\/nugerm.com\/#organization","name":"NuKase Lockable Phone Case","url":"https:\/\/nugerm.com\/","logo":{"@type":"ImageObject","inLanguage":"es","@id":"https:\/\/nugerm.com\/#\/schema\/logo\/image\/","url":"https:\/\/nugerm.com\/wp-content\/uploads\/2025\/11\/NuKase-by-NuGerm-2-good-small-logo-1.png","contentUrl":"https:\/\/nugerm.com\/wp-content\/uploads\/2025\/11\/NuKase-by-NuGerm-2-good-small-logo-1.png","width":800,"height":313,"caption":"NuKase Lockable Phone Case"},"image":{"@id":"https:\/\/nugerm.com\/#\/schema\/logo\/image\/"}}]}},"_links":{"self":[{"href":"https:\/\/nugerm.com\/es\/wp-json\/wp\/v2\/pages\/70988","targetHints":{"allow":["GET"]}}],"collection":[{"href":"https:\/\/nugerm.com\/es\/wp-json\/wp\/v2\/pages"}],"about":[{"href":"https:\/\/nugerm.com\/es\/wp-json\/wp\/v2\/types\/page"}],"author":[{"embeddable":true,"href":"https:\/\/nugerm.com\/es\/wp-json\/wp\/v2\/users\/1"}],"replies":[{"embeddable":true,"href":"https:\/\/nugerm.com\/es\/wp-json\/wp\/v2\/comments?post=70988"}],"version-history":[{"count":1,"href":"https:\/\/nugerm.com\/es\/wp-json\/wp\/v2\/pages\/70988\/revisions"}],"predecessor-version":[{"id":70991,"href":"https:\/\/nugerm.com\/es\/wp-json\/wp\/v2\/pages\/70988\/revisions\/70991"}],"wp:attachment":[{"href":"https:\/\/nugerm.com\/es\/wp-json\/wp\/v2\/media?parent=70988"}],"curies":[{"name":"wp","href":"https:\/\/api.w.org\/{rel}","templated":true}]}}